{"id":522,"date":"2022-08-09T16:24:20","date_gmt":"2022-08-09T14:24:20","guid":{"rendered":"https:\/\/www.jerusalemway.org\/shop\/?post_type=product&#038;p=522"},"modified":"2022-08-30T16:34:11","modified_gmt":"2022-08-30T14:34:11","slug":"handtuch","status":"publish","type":"product","link":"https:\/\/www.jerusalemway.org\/shop\/produkt\/handtuch\/","title":{"rendered":"Handtuch"},"content":{"rendered":"<p>Gr\u00f6\u00dfe: 120 x 60 cm<br \/>\nKleiner Packsack<br \/>\nSuper leicht und saugf\u00e4hig<br \/>\nmit Friedenstauben Aufdruck<\/p>\n","protected":false},"excerpt":{"rendered":"<p>Gr\u00f6\u00dfe: 120 x 60 cm Kleiner Packsack Super leicht und saugf\u00e4hig mit Friedenstauben Aufdruck<\/p>\n","protected":false},"featured_media":523,"template":"","meta":[],"product_cat":[18],"product_tag":[],"yoast_head":"<!-- This site is optimized with the Yoast SEO plugin v20.11 - https:\/\/yoast.com\/wordpress\/plugins\/seo\/ -->\n<title>Handtuch - JERUSALEM WAY: On foot to Jerusalem - Pilgrimage<\/title>\n<meta name=\"description\" content=\"Hier gibt es den Pilgerpass (Credential \/ Pilgrim Passport). Der Pass ist in Deutsch oder Englisch verf\u00fcgbar und Deckblatt ist mehrsprachig!\" \/>\n<meta name=\"robots\" content=\"index, follow, max-snippet:-1, max-image-preview:large, max-video-preview:-1\" \/>\n<link rel=\"canonical\" href=\"https:\/\/www.jerusalemway.org\/shop\/produkt\/handtuch\/\" \/>\n<meta property=\"og:locale\" content=\"de_DE\" \/>\n<meta property=\"og:type\" content=\"article\" \/>\n<meta property=\"og:title\" content=\"Handtuch - JERUSALEM WAY: On foot to Jerusalem - Pilgrimage\" \/>\n<meta property=\"og:description\" content=\"Hier gibt es den Pilgerpass (Credential \/ Pilgrim Passport). Der Pass ist in Deutsch oder Englisch verf\u00fcgbar und Deckblatt ist mehrsprachig!\" \/>\n<meta property=\"og:url\" content=\"https:\/\/www.jerusalemway.org\/shop\/produkt\/handtuch\/\" \/>\n<meta property=\"og:site_name\" content=\"JERUSALEM WAY: On foot to Jerusalem - Pilgrimage\" \/>\n<meta property=\"article:modified_time\" content=\"2022-08-30T14:34:11+00:00\" \/>\n<meta property=\"og:image\" content=\"https:\/\/www.jerusalemway.org\/shop\/wp-content\/uploads\/2022\/08\/Handtuch-1200.jpg\" \/>\n\t<meta property=\"og:image:width\" content=\"665\" \/>\n\t<meta property=\"og:image:height\" content=\"1200\" \/>\n\t<meta property=\"og:image:type\" content=\"image\/jpeg\" \/>\n<meta name=\"twitter:card\" content=\"summary_large_image\" \/>\n<meta name=\"twitter:label1\" content=\"Gesch\u00e4tzte Lesezeit\" \/>\n\t<meta name=\"twitter:data1\" content=\"1\u00a0Minute\" \/>\n<script type=\"application\/ld+json\" class=\"yoast-schema-graph\">{\"@context\":\"https:\/\/schema.org\",\"@graph\":[{\"@type\":\"WebPage\",\"@id\":\"https:\/\/www.jerusalemway.org\/shop\/produkt\/handtuch\/\",\"url\":\"https:\/\/www.jerusalemway.org\/shop\/produkt\/handtuch\/\",\"name\":\"Handtuch - JERUSALEM WAY: On foot to Jerusalem - Pilgrimage\",\"isPartOf\":{\"@id\":\"https:\/\/www.jerusalemway.org\/shop\/#website\"},\"datePublished\":\"2022-08-09T14:24:20+00:00\",\"dateModified\":\"2022-08-30T14:34:11+00:00\",\"description\":\"Hier gibt es den Pilgerpass (Credential \/ Pilgrim Passport). Der Pass ist in Deutsch oder Englisch verf\u00fcgbar und Deckblatt ist mehrsprachig!\",\"breadcrumb\":{\"@id\":\"https:\/\/www.jerusalemway.org\/shop\/produkt\/handtuch\/#breadcrumb\"},\"inLanguage\":\"de\",\"potentialAction\":[{\"@type\":\"ReadAction\",\"target\":[\"https:\/\/www.jerusalemway.org\/shop\/produkt\/handtuch\/\"]}]},{\"@type\":\"BreadcrumbList\",\"@id\":\"https:\/\/www.jerusalemway.org\/shop\/produkt\/handtuch\/#breadcrumb\",\"itemListElement\":[{\"@type\":\"ListItem\",\"position\":1,\"name\":\"Startseite\",\"item\":\"https:\/\/www.jerusalemway.org\/shop\/\"},{\"@type\":\"ListItem\",\"position\":2,\"name\":\"Handtuch\"}]},{\"@type\":\"WebSite\",\"@id\":\"https:\/\/www.jerusalemway.org\/shop\/#website\",\"url\":\"https:\/\/www.jerusalemway.org\/shop\/\",\"name\":\"Jerusalemweg: Zu Fu\u00df nach Jerusalem - Jerusalempilger - Pilgerweg\",\"description\":\"\",\"publisher\":{\"@id\":\"https:\/\/www.jerusalemway.org\/shop\/#organization\"},\"potentialAction\":[{\"@type\":\"SearchAction\",\"target\":{\"@type\":\"EntryPoint\",\"urlTemplate\":\"https:\/\/www.jerusalemway.org\/shop\/?s={search_term_string}\"},\"query-input\":\"required name=search_term_string\"}],\"inLanguage\":\"de\"},{\"@type\":\"Organization\",\"@id\":\"https:\/\/www.jerusalemway.org\/shop\/#organization\",\"name\":\"Jerusalemweg: Zu Fu\u00df nach Jerusalem - Jerusalempilger - Pilgerweg\",\"url\":\"https:\/\/www.jerusalemway.org\/shop\/\",\"logo\":{\"@type\":\"ImageObject\",\"inLanguage\":\"de\",\"@id\":\"https:\/\/www.jerusalemway.org\/shop\/#\/schema\/logo\/image\/\",\"url\":\"https:\/\/www.jerusalemway.org\/shop\/wp-content\/uploads\/2018\/05\/logo.png\",\"contentUrl\":\"https:\/\/www.jerusalemway.org\/shop\/wp-content\/uploads\/2018\/05\/logo.png\",\"width\":291,\"height\":80,\"caption\":\"Jerusalemweg: Zu Fu\u00df nach Jerusalem - Jerusalempilger - Pilgerweg\"},\"image\":{\"@id\":\"https:\/\/www.jerusalemway.org\/shop\/#\/schema\/logo\/image\/\"}}]}<\/script>\n<!-- \/ Yoast SEO plugin. -->","yoast_head_json":{"title":"Handtuch - JERUSALEM WAY: On foot to Jerusalem - Pilgrimage","description":"Hier gibt es den Pilgerpass (Credential \/ Pilgrim Passport). Der Pass ist in Deutsch oder Englisch verf\u00fcgbar und Deckblatt ist mehrsprachig!","robots":{"index":"index","follow":"follow","max-snippet":"max-snippet:-1","max-image-preview":"max-image-preview:large","max-video-preview":"max-video-preview:-1"},"canonical":"https:\/\/www.jerusalemway.org\/shop\/produkt\/handtuch\/","og_locale":"de_DE","og_type":"article","og_title":"Handtuch - JERUSALEM WAY: On foot to Jerusalem - Pilgrimage","og_description":"Hier gibt es den Pilgerpass (Credential \/ Pilgrim Passport). Der Pass ist in Deutsch oder Englisch verf\u00fcgbar und Deckblatt ist mehrsprachig!","og_url":"https:\/\/www.jerusalemway.org\/shop\/produkt\/handtuch\/","og_site_name":"JERUSALEM WAY: On foot to Jerusalem - Pilgrimage","article_modified_time":"2022-08-30T14:34:11+00:00","og_image":[{"width":665,"height":1200,"url":"https:\/\/www.jerusalemway.org\/shop\/wp-content\/uploads\/2022\/08\/Handtuch-1200.jpg","type":"image\/jpeg"}],"twitter_card":"summary_large_image","twitter_misc":{"Gesch\u00e4tzte Lesezeit":"1\u00a0Minute"},"schema":{"@context":"https:\/\/schema.org","@graph":[{"@type":"WebPage","@id":"https:\/\/www.jerusalemway.org\/shop\/produkt\/handtuch\/","url":"https:\/\/www.jerusalemway.org\/shop\/produkt\/handtuch\/","name":"Handtuch - JERUSALEM WAY: On foot to Jerusalem - Pilgrimage","isPartOf":{"@id":"https:\/\/www.jerusalemway.org\/shop\/#website"},"datePublished":"2022-08-09T14:24:20+00:00","dateModified":"2022-08-30T14:34:11+00:00","description":"Hier gibt es den Pilgerpass (Credential \/ Pilgrim Passport). Der Pass ist in Deutsch oder Englisch verf\u00fcgbar und Deckblatt ist mehrsprachig!","breadcrumb":{"@id":"https:\/\/www.jerusalemway.org\/shop\/produkt\/handtuch\/#breadcrumb"},"inLanguage":"de","potentialAction":[{"@type":"ReadAction","target":["https:\/\/www.jerusalemway.org\/shop\/produkt\/handtuch\/"]}]},{"@type":"BreadcrumbList","@id":"https:\/\/www.jerusalemway.org\/shop\/produkt\/handtuch\/#breadcrumb","itemListElement":[{"@type":"ListItem","position":1,"name":"Startseite","item":"https:\/\/www.jerusalemway.org\/shop\/"},{"@type":"ListItem","position":2,"name":"Handtuch"}]},{"@type":"WebSite","@id":"https:\/\/www.jerusalemway.org\/shop\/#website","url":"https:\/\/www.jerusalemway.org\/shop\/","name":"Jerusalemweg: Zu Fu\u00df nach Jerusalem - Jerusalempilger - Pilgerweg","description":"","publisher":{"@id":"https:\/\/www.jerusalemway.org\/shop\/#organization"},"potentialAction":[{"@type":"SearchAction","target":{"@type":"EntryPoint","urlTemplate":"https:\/\/www.jerusalemway.org\/shop\/?s={search_term_string}"},"query-input":"required name=search_term_string"}],"inLanguage":"de"},{"@type":"Organization","@id":"https:\/\/www.jerusalemway.org\/shop\/#organization","name":"Jerusalemweg: Zu Fu\u00df nach Jerusalem - Jerusalempilger - Pilgerweg","url":"https:\/\/www.jerusalemway.org\/shop\/","logo":{"@type":"ImageObject","inLanguage":"de","@id":"https:\/\/www.jerusalemway.org\/shop\/#\/schema\/logo\/image\/","url":"https:\/\/www.jerusalemway.org\/shop\/wp-content\/uploads\/2018\/05\/logo.png","contentUrl":"https:\/\/www.jerusalemway.org\/shop\/wp-content\/uploads\/2018\/05\/logo.png","width":291,"height":80,"caption":"Jerusalemweg: Zu Fu\u00df nach Jerusalem - Jerusalempilger - Pilgerweg"},"image":{"@id":"https:\/\/www.jerusalemway.org\/shop\/#\/schema\/logo\/image\/"}}]}},"_links":{"self":[{"href":"https:\/\/www.jerusalemway.org\/shop\/wp-json\/wp\/v2\/product\/522"}],"collection":[{"href":"https:\/\/www.jerusalemway.org\/shop\/wp-json\/wp\/v2\/product"}],"about":[{"href":"https:\/\/www.jerusalemway.org\/shop\/wp-json\/wp\/v2\/types\/product"}],"wp:featuredmedia":[{"embeddable":true,"href":"https:\/\/www.jerusalemway.org\/shop\/wp-json\/wp\/v2\/media\/523"}],"wp:attachment":[{"href":"https:\/\/www.jerusalemway.org\/shop\/wp-json\/wp\/v2\/media?parent=522"}],"wp:term":[{"taxonomy":"product_cat","embeddable":true,"href":"https:\/\/www.jerusalemway.org\/shop\/wp-json\/wp\/v2\/product_cat?post=522"},{"taxonomy":"product_tag","embeddable":true,"href":"https:\/\/www.jerusalemway.org\/shop\/wp-json\/wp\/v2\/product_tag?post=522"}],"curies":[{"name":"wp","href":"https:\/\/api.w.org\/{rel}","templated":true}]}}