{"id":51,"date":"2020-01-09T13:54:18","date_gmt":"2020-01-09T12:54:18","guid":{"rendered":"https:\/\/www.jerusalemway.org\/shop\/?post_type=product&#038;p=51"},"modified":"2026-01-24T20:08:54","modified_gmt":"2026-01-24T19:08:54","slug":"friedenstaube","status":"publish","type":"product","link":"https:\/\/www.jerusalemway.org\/shop\/produkt\/friedenstaube\/","title":{"rendered":"Friedenstaube"},"content":{"rendered":"<h3 data-start=\"125\" data-end=\"172\">Jede Friedenstaube ist ein Einzelst\u00fcck!<\/h3>\n<p data-start=\"174\" data-end=\"396\">Aus <strong data-start=\"178\" data-end=\"217\">Olivenholz handgemacht in Bethlehem<\/strong>. Die Friedenstaube eignet sich ideal f\u00fcr den <strong data-start=\"265\" data-end=\"277\">Rucksack<\/strong>, als <strong data-start=\"283\" data-end=\"304\">Schl\u00fcsselanh\u00e4nger<\/strong>, f\u00fcr den <strong data-start=\"314\" data-end=\"338\">Innenspiegel im Auto<\/strong>, f\u00fcr den <strong data-start=\"348\" data-end=\"362\">Christbaum<\/strong> oder als <strong data-start=\"372\" data-end=\"395\">besonderes Geschenk<\/strong>.<\/p>\n<p data-start=\"296\" data-end=\"466\"><em>Aus Erfahrung wird sie am besten vorne am Rucksack, auf der linken Seite \u2013 der Herzseite, getragen. So blickt sie in Gehrichtung nach Osten, Richtung Jerusalem.\u00a0Gleichzeitig ist sie dort am sichersten befestigt, da man sie stets im Blick hat. <\/em><em>Am hinteren Teil des Rucksacks wird hingegen der Wimpel getragen.<\/em><\/p>\n<h4 data-start=\"443\" data-end=\"462\">&#x1f381; Mengenrabatt<\/h4>\n<ul data-start=\"463\" data-end=\"577\">\n<li data-start=\"463\" data-end=\"513\">\n<p data-start=\"465\" data-end=\"513\"><strong data-start=\"465\" data-end=\"479\">Ab 5 St\u00fcck<\/strong> gibt es <strong data-start=\"488\" data-end=\"506\">1 Taube GRATIS<\/strong> dazu<\/p>\n<\/li>\n<li data-start=\"514\" data-end=\"566\">\n<p data-start=\"516\" data-end=\"566\"><strong data-start=\"516\" data-end=\"531\">Ab 10 St\u00fcck<\/strong> gibt es <strong data-start=\"540\" data-end=\"559\">2 Tauben GRATIS<\/strong> dazu &#8211; <strong>usw.<\/strong><\/p>\n<\/li>\n<\/ul>\n<p><img decoding=\"async\" loading=\"lazy\" class=\"alignnone wp-image-1018 aligncenter\" src=\"https:\/\/www.jerusalemway.org\/shop\/wp-content\/uploads\/2020\/01\/Taube-am-Rucksack-1-135x300.jpeg\" alt=\"\" width=\"207\" height=\"460\" srcset=\"https:\/\/www.jerusalemway.org\/shop\/wp-content\/uploads\/2020\/01\/Taube-am-Rucksack-1-135x300.jpeg 135w, https:\/\/www.jerusalemway.org\/shop\/wp-content\/uploads\/2020\/01\/Taube-am-Rucksack-1-461x1024.jpeg 461w, https:\/\/www.jerusalemway.org\/shop\/wp-content\/uploads\/2020\/01\/Taube-am-Rucksack-1-768x1708.jpeg 768w, https:\/\/www.jerusalemway.org\/shop\/wp-content\/uploads\/2020\/01\/Taube-am-Rucksack-1-691x1536.jpeg 691w, https:\/\/www.jerusalemway.org\/shop\/wp-content\/uploads\/2020\/01\/Taube-am-Rucksack-1-121x270.jpeg 121w, https:\/\/www.jerusalemway.org\/shop\/wp-content\/uploads\/2020\/01\/Taube-am-Rucksack-1-600x1334.jpeg 600w, https:\/\/www.jerusalemway.org\/shop\/wp-content\/uploads\/2020\/01\/Taube-am-Rucksack-1.jpeg 921w\" sizes=\"(max-width: 207px) 100vw, 207px\" \/><br \/>\n<img decoding=\"async\" loading=\"lazy\" class=\" wp-image-116 aligncenter\" src=\"https:\/\/www.jerusalemway.org\/shop\/wp-content\/uploads\/2019\/06\/Taube-Foto-300x211.jpg\" alt=\"\" width=\"267\" height=\"188\" srcset=\"https:\/\/www.jerusalemway.org\/shop\/wp-content\/uploads\/2019\/06\/Taube-Foto-300x211.jpg 300w, https:\/\/www.jerusalemway.org\/shop\/wp-content\/uploads\/2019\/06\/Taube-Foto-600x421.jpg 600w, https:\/\/www.jerusalemway.org\/shop\/wp-content\/uploads\/2019\/06\/Taube-Foto-768x539.jpg 768w, https:\/\/www.jerusalemway.org\/shop\/wp-content\/uploads\/2019\/06\/Taube-Foto-1024x719.jpg 1024w, https:\/\/www.jerusalemway.org\/shop\/wp-content\/uploads\/2019\/06\/Taube-Foto-384x270.jpg 384w\" sizes=\"(max-width: 267px) 100vw, 267px\" \/><br \/>\n<img decoding=\"async\" loading=\"lazy\" class=\"alignnone size-medium wp-image-40 aligncenter\" src=\"https:\/\/www.jerusalemway.org\/shop\/wp-content\/uploads\/2019\/06\/friedenstaube-288x300.jpg\" alt=\"\" width=\"288\" height=\"300\" srcset=\"https:\/\/www.jerusalemway.org\/shop\/wp-content\/uploads\/2019\/06\/friedenstaube-288x300.jpg 288w, https:\/\/www.jerusalemway.org\/shop\/wp-content\/uploads\/2019\/06\/friedenstaube-600x626.jpg 600w, https:\/\/www.jerusalemway.org\/shop\/wp-content\/uploads\/2019\/06\/friedenstaube-768x801.jpg 768w, https:\/\/www.jerusalemway.org\/shop\/wp-content\/uploads\/2019\/06\/friedenstaube-982x1024.jpg 982w, https:\/\/www.jerusalemway.org\/shop\/wp-content\/uploads\/2019\/06\/friedenstaube-259x270.jpg 259w, https:\/\/www.jerusalemway.org\/shop\/wp-content\/uploads\/2019\/06\/friedenstaube.jpg 1951w\" sizes=\"(max-width: 288px) 100vw, 288px\" \/><\/p>\n<p style=\"text-align: center;\">&#x1f449; <strong data-start=\"401\" data-end=\"436\"><a href=\"https:\/\/www.facebook.com\/groups\/1701652543394413\/permalink\/2829136070646049\/\">Weitere Bilder findest du hier<\/a><\/strong><\/p>\n","protected":false},"excerpt":{"rendered":"<p>Jede Friedenstaube ist ein Einzelst\u00fcck! Aus Olivenholz handgemacht in Bethlehem. Die Friedenstaube eignet sich ideal f\u00fcr den Rucksack, als Schl\u00fcsselanh\u00e4nger, f\u00fcr den Innenspiegel im Auto, f\u00fcr den Christbaum oder als besonderes Geschenk. Aus Erfahrung wird sie am besten vorne am Rucksack, auf der linken Seite \u2013 der Herzseite, getragen. So blickt sie in Gehrichtung nach Osten, Richtung Jerusalem.\u00a0Gleichzeitig ist sie dort am sichersten befestigt, da man sie stets im Blick hat. Am hinteren Teil des Rucksacks wird hingegen der Wimpel&#8230;<\/p>\n<p class=\"read-more\"><a class=\"btn btn-default\" href=\"https:\/\/www.jerusalemway.org\/shop\/produkt\/friedenstaube\/\">Weiterlesen<span class=\"screen-reader-text\"> Weiterlesen<\/span><\/a><\/p>\n","protected":false},"featured_media":1020,"template":"","meta":[],"product_cat":[18],"product_tag":[],"yoast_head":"<!-- This site is optimized with the Yoast SEO plugin v20.11 - https:\/\/yoast.com\/wordpress\/plugins\/seo\/ -->\n<title>Friedenstaube - JERUSALEM WAY: On foot to Jerusalem - Pilgrimage<\/title>\n<meta name=\"robots\" content=\"index, follow, max-snippet:-1, max-image-preview:large, max-video-preview:-1\" \/>\n<link rel=\"canonical\" href=\"https:\/\/www.jerusalemway.org\/shop\/produkt\/friedenstaube\/\" \/>\n<meta property=\"og:locale\" content=\"de_DE\" \/>\n<meta property=\"og:type\" content=\"article\" \/>\n<meta property=\"og:title\" content=\"Friedenstaube - JERUSALEM WAY: On foot to Jerusalem - Pilgrimage\" \/>\n<meta property=\"og:description\" content=\"Jede Friedenstaube ist ein Einzelst\u00fcck! Aus Olivenholz handgemacht in Bethlehem. Die Friedenstaube eignet sich ideal f\u00fcr den Rucksack, als Schl\u00fcsselanh\u00e4nger, f\u00fcr den Innenspiegel im Auto, f\u00fcr den Christbaum oder als besonderes Geschenk. Aus Erfahrung wird sie am besten vorne am Rucksack, auf der linken Seite \u2013 der Herzseite, getragen. So blickt sie in Gehrichtung nach Osten, Richtung Jerusalem.\u00a0Gleichzeitig ist sie dort am sichersten befestigt, da man sie stets im Blick hat. Am hinteren Teil des Rucksacks wird hingegen der Wimpel...Weiterlesen Weiterlesen\" \/>\n<meta property=\"og:url\" content=\"https:\/\/www.jerusalemway.org\/shop\/produkt\/friedenstaube\/\" \/>\n<meta property=\"og:site_name\" content=\"JERUSALEM WAY: On foot to Jerusalem - Pilgrimage\" \/>\n<meta property=\"article:modified_time\" content=\"2026-01-24T19:08:54+00:00\" \/>\n<meta property=\"og:image\" content=\"https:\/\/www.jerusalemway.org\/shop\/wp-content\/uploads\/2020\/01\/Taube-am-Rucksack.png\" \/>\n\t<meta property=\"og:image:width\" content=\"873\" \/>\n\t<meta property=\"og:image:height\" content=\"2000\" \/>\n\t<meta property=\"og:image:type\" content=\"image\/png\" \/>\n<meta name=\"twitter:card\" content=\"summary_large_image\" \/>\n<meta name=\"twitter:label1\" content=\"Gesch\u00e4tzte Lesezeit\" \/>\n\t<meta name=\"twitter:data1\" content=\"2\u00a0Minuten\" \/>\n<script type=\"application\/ld+json\" class=\"yoast-schema-graph\">{\"@context\":\"https:\/\/schema.org\",\"@graph\":[{\"@type\":\"WebPage\",\"@id\":\"https:\/\/www.jerusalemway.org\/shop\/produkt\/friedenstaube\/\",\"url\":\"https:\/\/www.jerusalemway.org\/shop\/produkt\/friedenstaube\/\",\"name\":\"Friedenstaube - JERUSALEM WAY: On foot to Jerusalem - Pilgrimage\",\"isPartOf\":{\"@id\":\"https:\/\/www.jerusalemway.org\/shop\/#website\"},\"datePublished\":\"2020-01-09T12:54:18+00:00\",\"dateModified\":\"2026-01-24T19:08:54+00:00\",\"breadcrumb\":{\"@id\":\"https:\/\/www.jerusalemway.org\/shop\/produkt\/friedenstaube\/#breadcrumb\"},\"inLanguage\":\"de\",\"potentialAction\":[{\"@type\":\"ReadAction\",\"target\":[\"https:\/\/www.jerusalemway.org\/shop\/produkt\/friedenstaube\/\"]}]},{\"@type\":\"BreadcrumbList\",\"@id\":\"https:\/\/www.jerusalemway.org\/shop\/produkt\/friedenstaube\/#breadcrumb\",\"itemListElement\":[{\"@type\":\"ListItem\",\"position\":1,\"name\":\"Startseite\",\"item\":\"https:\/\/www.jerusalemway.org\/shop\/\"},{\"@type\":\"ListItem\",\"position\":2,\"name\":\"Friedenstaube\"}]},{\"@type\":\"WebSite\",\"@id\":\"https:\/\/www.jerusalemway.org\/shop\/#website\",\"url\":\"https:\/\/www.jerusalemway.org\/shop\/\",\"name\":\"Jerusalemweg: Zu Fu\u00df nach Jerusalem - Jerusalempilger - Pilgerweg\",\"description\":\"\",\"publisher\":{\"@id\":\"https:\/\/www.jerusalemway.org\/shop\/#organization\"},\"potentialAction\":[{\"@type\":\"SearchAction\",\"target\":{\"@type\":\"EntryPoint\",\"urlTemplate\":\"https:\/\/www.jerusalemway.org\/shop\/?s={search_term_string}\"},\"query-input\":\"required name=search_term_string\"}],\"inLanguage\":\"de\"},{\"@type\":\"Organization\",\"@id\":\"https:\/\/www.jerusalemway.org\/shop\/#organization\",\"name\":\"Jerusalemweg: Zu Fu\u00df nach Jerusalem - Jerusalempilger - Pilgerweg\",\"url\":\"https:\/\/www.jerusalemway.org\/shop\/\",\"logo\":{\"@type\":\"ImageObject\",\"inLanguage\":\"de\",\"@id\":\"https:\/\/www.jerusalemway.org\/shop\/#\/schema\/logo\/image\/\",\"url\":\"https:\/\/www.jerusalemway.org\/shop\/wp-content\/uploads\/2018\/05\/logo.png\",\"contentUrl\":\"https:\/\/www.jerusalemway.org\/shop\/wp-content\/uploads\/2018\/05\/logo.png\",\"width\":291,\"height\":80,\"caption\":\"Jerusalemweg: Zu Fu\u00df nach Jerusalem - Jerusalempilger - Pilgerweg\"},\"image\":{\"@id\":\"https:\/\/www.jerusalemway.org\/shop\/#\/schema\/logo\/image\/\"}}]}<\/script>\n<!-- \/ Yoast SEO plugin. -->","yoast_head_json":{"title":"Friedenstaube - JERUSALEM WAY: On foot to Jerusalem - Pilgrimage","robots":{"index":"index","follow":"follow","max-snippet":"max-snippet:-1","max-image-preview":"max-image-preview:large","max-video-preview":"max-video-preview:-1"},"canonical":"https:\/\/www.jerusalemway.org\/shop\/produkt\/friedenstaube\/","og_locale":"de_DE","og_type":"article","og_title":"Friedenstaube - JERUSALEM WAY: On foot to Jerusalem - Pilgrimage","og_description":"Jede Friedenstaube ist ein Einzelst\u00fcck! Aus Olivenholz handgemacht in Bethlehem. Die Friedenstaube eignet sich ideal f\u00fcr den Rucksack, als Schl\u00fcsselanh\u00e4nger, f\u00fcr den Innenspiegel im Auto, f\u00fcr den Christbaum oder als besonderes Geschenk. Aus Erfahrung wird sie am besten vorne am Rucksack, auf der linken Seite \u2013 der Herzseite, getragen. So blickt sie in Gehrichtung nach Osten, Richtung Jerusalem.\u00a0Gleichzeitig ist sie dort am sichersten befestigt, da man sie stets im Blick hat. Am hinteren Teil des Rucksacks wird hingegen der Wimpel...Weiterlesen Weiterlesen","og_url":"https:\/\/www.jerusalemway.org\/shop\/produkt\/friedenstaube\/","og_site_name":"JERUSALEM WAY: On foot to Jerusalem - Pilgrimage","article_modified_time":"2026-01-24T19:08:54+00:00","og_image":[{"width":873,"height":2000,"url":"https:\/\/www.jerusalemway.org\/shop\/wp-content\/uploads\/2020\/01\/Taube-am-Rucksack.png","type":"image\/png"}],"twitter_card":"summary_large_image","twitter_misc":{"Gesch\u00e4tzte Lesezeit":"2\u00a0Minuten"},"schema":{"@context":"https:\/\/schema.org","@graph":[{"@type":"WebPage","@id":"https:\/\/www.jerusalemway.org\/shop\/produkt\/friedenstaube\/","url":"https:\/\/www.jerusalemway.org\/shop\/produkt\/friedenstaube\/","name":"Friedenstaube - JERUSALEM WAY: On foot to Jerusalem - Pilgrimage","isPartOf":{"@id":"https:\/\/www.jerusalemway.org\/shop\/#website"},"datePublished":"2020-01-09T12:54:18+00:00","dateModified":"2026-01-24T19:08:54+00:00","breadcrumb":{"@id":"https:\/\/www.jerusalemway.org\/shop\/produkt\/friedenstaube\/#breadcrumb"},"inLanguage":"de","potentialAction":[{"@type":"ReadAction","target":["https:\/\/www.jerusalemway.org\/shop\/produkt\/friedenstaube\/"]}]},{"@type":"BreadcrumbList","@id":"https:\/\/www.jerusalemway.org\/shop\/produkt\/friedenstaube\/#breadcrumb","itemListElement":[{"@type":"ListItem","position":1,"name":"Startseite","item":"https:\/\/www.jerusalemway.org\/shop\/"},{"@type":"ListItem","position":2,"name":"Friedenstaube"}]},{"@type":"WebSite","@id":"https:\/\/www.jerusalemway.org\/shop\/#website","url":"https:\/\/www.jerusalemway.org\/shop\/","name":"Jerusalemweg: Zu Fu\u00df nach Jerusalem - Jerusalempilger - Pilgerweg","description":"","publisher":{"@id":"https:\/\/www.jerusalemway.org\/shop\/#organization"},"potentialAction":[{"@type":"SearchAction","target":{"@type":"EntryPoint","urlTemplate":"https:\/\/www.jerusalemway.org\/shop\/?s={search_term_string}"},"query-input":"required name=search_term_string"}],"inLanguage":"de"},{"@type":"Organization","@id":"https:\/\/www.jerusalemway.org\/shop\/#organization","name":"Jerusalemweg: Zu Fu\u00df nach Jerusalem - Jerusalempilger - Pilgerweg","url":"https:\/\/www.jerusalemway.org\/shop\/","logo":{"@type":"ImageObject","inLanguage":"de","@id":"https:\/\/www.jerusalemway.org\/shop\/#\/schema\/logo\/image\/","url":"https:\/\/www.jerusalemway.org\/shop\/wp-content\/uploads\/2018\/05\/logo.png","contentUrl":"https:\/\/www.jerusalemway.org\/shop\/wp-content\/uploads\/2018\/05\/logo.png","width":291,"height":80,"caption":"Jerusalemweg: Zu Fu\u00df nach Jerusalem - Jerusalempilger - Pilgerweg"},"image":{"@id":"https:\/\/www.jerusalemway.org\/shop\/#\/schema\/logo\/image\/"}}]}},"_links":{"self":[{"href":"https:\/\/www.jerusalemway.org\/shop\/wp-json\/wp\/v2\/product\/51"}],"collection":[{"href":"https:\/\/www.jerusalemway.org\/shop\/wp-json\/wp\/v2\/product"}],"about":[{"href":"https:\/\/www.jerusalemway.org\/shop\/wp-json\/wp\/v2\/types\/product"}],"wp:featuredmedia":[{"embeddable":true,"href":"https:\/\/www.jerusalemway.org\/shop\/wp-json\/wp\/v2\/media\/1020"}],"wp:attachment":[{"href":"https:\/\/www.jerusalemway.org\/shop\/wp-json\/wp\/v2\/media?parent=51"}],"wp:term":[{"taxonomy":"product_cat","embeddable":true,"href":"https:\/\/www.jerusalemway.org\/shop\/wp-json\/wp\/v2\/product_cat?post=51"},{"taxonomy":"product_tag","embeddable":true,"href":"https:\/\/www.jerusalemway.org\/shop\/wp-json\/wp\/v2\/product_tag?post=51"}],"curies":[{"name":"wp","href":"https:\/\/api.w.org\/{rel}","templated":true}]}}