{"id":477,"date":"2022-05-31T14:56:01","date_gmt":"2022-05-31T12:56:01","guid":{"rendered":"https:\/\/www.jerusalemway.org\/shop\/?post_type=product&#038;p=477"},"modified":"2025-05-21T23:06:41","modified_gmt":"2025-05-21T21:06:41","slug":"merino-t-shirt-herren","status":"publish","type":"product","link":"https:\/\/www.jerusalemway.org\/shop\/produkt\/merino-t-shirt-herren\/","title":{"rendered":"Merino T-Shirt Herren"},"content":{"rendered":"<p>Lieferzeit: Jedes Shirt wird einzeln bestellt und bedruckt. Lieferzeit mindestens 2 bis 3 Wochen!<\/p>\n<p>Tipp: Das Merino Sportshirt ist k\u00f6rpernahe, also eher eng geschnitten. Wir empfehlen daher das T-Shirt eine Nummer gr\u00f6\u00dfer zu bestellen. Siehe<a href=\"https:\/\/www.scroc.eu\/groessentabelle\/\" target=\"_blank\" rel=\"noopener\"> Gr\u00f6\u00dfentabelle beim Hersteller<\/a><\/p>\n","protected":false},"excerpt":{"rendered":"<p>Lieferzeit: Jedes Shirt wird einzeln bestellt und bedruckt. Lieferzeit mindestens 2 bis 3 Wochen! Tipp: Das Merino Sportshirt ist k\u00f6rpernahe, also eher eng geschnitten. Wir empfehlen daher das T-Shirt eine Nummer gr\u00f6\u00dfer zu bestellen. Siehe Gr\u00f6\u00dfentabelle beim Hersteller<\/p>\n","protected":false},"featured_media":479,"template":"","meta":[],"product_cat":[18],"product_tag":[],"yoast_head":"<!-- This site is optimized with the Yoast SEO plugin v20.11 - https:\/\/yoast.com\/wordpress\/plugins\/seo\/ -->\n<title>Merino T-Shirt Herren - JERUSALEM WAY: On foot to Jerusalem - Pilgrimage<\/title>\n<meta name=\"robots\" content=\"index, follow, max-snippet:-1, max-image-preview:large, max-video-preview:-1\" \/>\n<link rel=\"canonical\" href=\"https:\/\/www.jerusalemway.org\/shop\/produkt\/merino-t-shirt-herren\/\" \/>\n<meta property=\"og:locale\" content=\"de_DE\" \/>\n<meta property=\"og:type\" content=\"article\" \/>\n<meta property=\"og:title\" content=\"Merino T-Shirt Herren - JERUSALEM WAY: On foot to Jerusalem - Pilgrimage\" \/>\n<meta property=\"og:description\" content=\"Lieferzeit: Jedes Shirt wird einzeln bestellt und bedruckt. Lieferzeit mindestens 2 bis 3 Wochen! Tipp: Das Merino Sportshirt ist k\u00f6rpernahe, also eher eng geschnitten. Wir empfehlen daher das T-Shirt eine Nummer gr\u00f6\u00dfer zu bestellen. Siehe Gr\u00f6\u00dfentabelle beim Hersteller\" \/>\n<meta property=\"og:url\" content=\"https:\/\/www.jerusalemway.org\/shop\/produkt\/merino-t-shirt-herren\/\" \/>\n<meta property=\"og:site_name\" content=\"JERUSALEM WAY: On foot to Jerusalem - Pilgrimage\" \/>\n<meta property=\"article:modified_time\" content=\"2025-05-21T21:06:41+00:00\" \/>\n<meta property=\"og:image\" content=\"https:\/\/www.jerusalemway.org\/shop\/wp-content\/uploads\/2022\/05\/WhatsApp-Image-2022-05-30-at-08.55.51-1.jpeg\" \/>\n\t<meta property=\"og:image:width\" content=\"1536\" \/>\n\t<meta property=\"og:image:height\" content=\"2048\" \/>\n\t<meta property=\"og:image:type\" content=\"image\/jpeg\" \/>\n<meta name=\"twitter:card\" content=\"summary_large_image\" \/>\n<meta name=\"twitter:label1\" content=\"Gesch\u00e4tzte Lesezeit\" \/>\n\t<meta name=\"twitter:data1\" content=\"1\u00a0Minute\" \/>\n<script type=\"application\/ld+json\" class=\"yoast-schema-graph\">{\"@context\":\"https:\/\/schema.org\",\"@graph\":[{\"@type\":\"WebPage\",\"@id\":\"https:\/\/www.jerusalemway.org\/shop\/produkt\/merino-t-shirt-herren\/\",\"url\":\"https:\/\/www.jerusalemway.org\/shop\/produkt\/merino-t-shirt-herren\/\",\"name\":\"Merino T-Shirt Herren - JERUSALEM WAY: On foot to Jerusalem - Pilgrimage\",\"isPartOf\":{\"@id\":\"https:\/\/www.jerusalemway.org\/shop\/#website\"},\"datePublished\":\"2022-05-31T12:56:01+00:00\",\"dateModified\":\"2025-05-21T21:06:41+00:00\",\"breadcrumb\":{\"@id\":\"https:\/\/www.jerusalemway.org\/shop\/produkt\/merino-t-shirt-herren\/#breadcrumb\"},\"inLanguage\":\"de\",\"potentialAction\":[{\"@type\":\"ReadAction\",\"target\":[\"https:\/\/www.jerusalemway.org\/shop\/produkt\/merino-t-shirt-herren\/\"]}]},{\"@type\":\"BreadcrumbList\",\"@id\":\"https:\/\/www.jerusalemway.org\/shop\/produkt\/merino-t-shirt-herren\/#breadcrumb\",\"itemListElement\":[{\"@type\":\"ListItem\",\"position\":1,\"name\":\"Startseite\",\"item\":\"https:\/\/www.jerusalemway.org\/shop\/\"},{\"@type\":\"ListItem\",\"position\":2,\"name\":\"Merino T-Shirt Herren\"}]},{\"@type\":\"WebSite\",\"@id\":\"https:\/\/www.jerusalemway.org\/shop\/#website\",\"url\":\"https:\/\/www.jerusalemway.org\/shop\/\",\"name\":\"Jerusalemweg: Zu Fu\u00df nach Jerusalem - Jerusalempilger - Pilgerweg\",\"description\":\"\",\"publisher\":{\"@id\":\"https:\/\/www.jerusalemway.org\/shop\/#organization\"},\"potentialAction\":[{\"@type\":\"SearchAction\",\"target\":{\"@type\":\"EntryPoint\",\"urlTemplate\":\"https:\/\/www.jerusalemway.org\/shop\/?s={search_term_string}\"},\"query-input\":\"required name=search_term_string\"}],\"inLanguage\":\"de\"},{\"@type\":\"Organization\",\"@id\":\"https:\/\/www.jerusalemway.org\/shop\/#organization\",\"name\":\"Jerusalemweg: Zu Fu\u00df nach Jerusalem - Jerusalempilger - Pilgerweg\",\"url\":\"https:\/\/www.jerusalemway.org\/shop\/\",\"logo\":{\"@type\":\"ImageObject\",\"inLanguage\":\"de\",\"@id\":\"https:\/\/www.jerusalemway.org\/shop\/#\/schema\/logo\/image\/\",\"url\":\"https:\/\/www.jerusalemway.org\/shop\/wp-content\/uploads\/2018\/05\/logo.png\",\"contentUrl\":\"https:\/\/www.jerusalemway.org\/shop\/wp-content\/uploads\/2018\/05\/logo.png\",\"width\":291,\"height\":80,\"caption\":\"Jerusalemweg: Zu Fu\u00df nach Jerusalem - Jerusalempilger - Pilgerweg\"},\"image\":{\"@id\":\"https:\/\/www.jerusalemway.org\/shop\/#\/schema\/logo\/image\/\"}}]}<\/script>\n<!-- \/ Yoast SEO plugin. -->","yoast_head_json":{"title":"Merino T-Shirt Herren - JERUSALEM WAY: On foot to Jerusalem - Pilgrimage","robots":{"index":"index","follow":"follow","max-snippet":"max-snippet:-1","max-image-preview":"max-image-preview:large","max-video-preview":"max-video-preview:-1"},"canonical":"https:\/\/www.jerusalemway.org\/shop\/produkt\/merino-t-shirt-herren\/","og_locale":"de_DE","og_type":"article","og_title":"Merino T-Shirt Herren - JERUSALEM WAY: On foot to Jerusalem - Pilgrimage","og_description":"Lieferzeit: Jedes Shirt wird einzeln bestellt und bedruckt. Lieferzeit mindestens 2 bis 3 Wochen! Tipp: Das Merino Sportshirt ist k\u00f6rpernahe, also eher eng geschnitten. Wir empfehlen daher das T-Shirt eine Nummer gr\u00f6\u00dfer zu bestellen. Siehe Gr\u00f6\u00dfentabelle beim Hersteller","og_url":"https:\/\/www.jerusalemway.org\/shop\/produkt\/merino-t-shirt-herren\/","og_site_name":"JERUSALEM WAY: On foot to Jerusalem - Pilgrimage","article_modified_time":"2025-05-21T21:06:41+00:00","og_image":[{"width":1536,"height":2048,"url":"https:\/\/www.jerusalemway.org\/shop\/wp-content\/uploads\/2022\/05\/WhatsApp-Image-2022-05-30-at-08.55.51-1.jpeg","type":"image\/jpeg"}],"twitter_card":"summary_large_image","twitter_misc":{"Gesch\u00e4tzte Lesezeit":"1\u00a0Minute"},"schema":{"@context":"https:\/\/schema.org","@graph":[{"@type":"WebPage","@id":"https:\/\/www.jerusalemway.org\/shop\/produkt\/merino-t-shirt-herren\/","url":"https:\/\/www.jerusalemway.org\/shop\/produkt\/merino-t-shirt-herren\/","name":"Merino T-Shirt Herren - JERUSALEM WAY: On foot to Jerusalem - Pilgrimage","isPartOf":{"@id":"https:\/\/www.jerusalemway.org\/shop\/#website"},"datePublished":"2022-05-31T12:56:01+00:00","dateModified":"2025-05-21T21:06:41+00:00","breadcrumb":{"@id":"https:\/\/www.jerusalemway.org\/shop\/produkt\/merino-t-shirt-herren\/#breadcrumb"},"inLanguage":"de","potentialAction":[{"@type":"ReadAction","target":["https:\/\/www.jerusalemway.org\/shop\/produkt\/merino-t-shirt-herren\/"]}]},{"@type":"BreadcrumbList","@id":"https:\/\/www.jerusalemway.org\/shop\/produkt\/merino-t-shirt-herren\/#breadcrumb","itemListElement":[{"@type":"ListItem","position":1,"name":"Startseite","item":"https:\/\/www.jerusalemway.org\/shop\/"},{"@type":"ListItem","position":2,"name":"Merino T-Shirt Herren"}]},{"@type":"WebSite","@id":"https:\/\/www.jerusalemway.org\/shop\/#website","url":"https:\/\/www.jerusalemway.org\/shop\/","name":"Jerusalemweg: Zu Fu\u00df nach Jerusalem - Jerusalempilger - Pilgerweg","description":"","publisher":{"@id":"https:\/\/www.jerusalemway.org\/shop\/#organization"},"potentialAction":[{"@type":"SearchAction","target":{"@type":"EntryPoint","urlTemplate":"https:\/\/www.jerusalemway.org\/shop\/?s={search_term_string}"},"query-input":"required name=search_term_string"}],"inLanguage":"de"},{"@type":"Organization","@id":"https:\/\/www.jerusalemway.org\/shop\/#organization","name":"Jerusalemweg: Zu Fu\u00df nach Jerusalem - Jerusalempilger - Pilgerweg","url":"https:\/\/www.jerusalemway.org\/shop\/","logo":{"@type":"ImageObject","inLanguage":"de","@id":"https:\/\/www.jerusalemway.org\/shop\/#\/schema\/logo\/image\/","url":"https:\/\/www.jerusalemway.org\/shop\/wp-content\/uploads\/2018\/05\/logo.png","contentUrl":"https:\/\/www.jerusalemway.org\/shop\/wp-content\/uploads\/2018\/05\/logo.png","width":291,"height":80,"caption":"Jerusalemweg: Zu Fu\u00df nach Jerusalem - Jerusalempilger - Pilgerweg"},"image":{"@id":"https:\/\/www.jerusalemway.org\/shop\/#\/schema\/logo\/image\/"}}]}},"_links":{"self":[{"href":"https:\/\/www.jerusalemway.org\/shop\/wp-json\/wp\/v2\/product\/477"}],"collection":[{"href":"https:\/\/www.jerusalemway.org\/shop\/wp-json\/wp\/v2\/product"}],"about":[{"href":"https:\/\/www.jerusalemway.org\/shop\/wp-json\/wp\/v2\/types\/product"}],"wp:featuredmedia":[{"embeddable":true,"href":"https:\/\/www.jerusalemway.org\/shop\/wp-json\/wp\/v2\/media\/479"}],"wp:attachment":[{"href":"https:\/\/www.jerusalemway.org\/shop\/wp-json\/wp\/v2\/media?parent=477"}],"wp:term":[{"taxonomy":"product_cat","embeddable":true,"href":"https:\/\/www.jerusalemway.org\/shop\/wp-json\/wp\/v2\/product_cat?post=477"},{"taxonomy":"product_tag","embeddable":true,"href":"https:\/\/www.jerusalemway.org\/shop\/wp-json\/wp\/v2\/product_tag?post=477"}],"curies":[{"name":"wp","href":"https:\/\/api.w.org\/{rel}","templated":true}]}}