{"id":46,"date":"2020-01-07T13:49:21","date_gmt":"2020-01-07T12:49:21","guid":{"rendered":"https:\/\/www.jerusalemway.org\/shop\/?post_type=product&#038;p=46"},"modified":"2025-05-21T22:57:52","modified_gmt":"2025-05-21T20:57:52","slug":"t-shirt-herren","status":"publish","type":"product","link":"https:\/\/www.jerusalemway.org\/shop\/produkt\/t-shirt-herren\/","title":{"rendered":"T-Shirt Herren"},"content":{"rendered":"<p>Achtung: Nicht mehr alle Gr\u00f6\u00dfen lagernd! Wir melden uns nach der Bestellung ob die gew\u00fcnschte Gr\u00f6\u00dfe noch lieferbar ist&#8230;<\/p>\n<p><img decoding=\"async\" loading=\"lazy\" class=\"alignnone wp-image-578 size-large\" src=\"https:\/\/www.jerusalemway.org\/shop\/wp-content\/uploads\/2020\/01\/20220409-WA0014--1024x376.jpg\" alt=\"\" width=\"640\" height=\"235\" srcset=\"https:\/\/www.jerusalemway.org\/shop\/wp-content\/uploads\/2020\/01\/20220409-WA0014--1024x376.jpg 1024w, https:\/\/www.jerusalemway.org\/shop\/wp-content\/uploads\/2020\/01\/20220409-WA0014--600x220.jpg 600w, https:\/\/www.jerusalemway.org\/shop\/wp-content\/uploads\/2020\/01\/20220409-WA0014--300x110.jpg 300w, https:\/\/www.jerusalemway.org\/shop\/wp-content\/uploads\/2020\/01\/20220409-WA0014--768x282.jpg 768w, https:\/\/www.jerusalemway.org\/shop\/wp-content\/uploads\/2020\/01\/20220409-WA0014--1536x564.jpg 1536w, https:\/\/www.jerusalemway.org\/shop\/wp-content\/uploads\/2020\/01\/20220409-WA0014--2048x752.jpg 2048w, https:\/\/www.jerusalemway.org\/shop\/wp-content\/uploads\/2020\/01\/20220409-WA0014--604x222.jpg 604w\" sizes=\"(max-width: 640px) 100vw, 640px\" \/> <img decoding=\"async\" loading=\"lazy\" class=\"alignnone wp-image-579 size-large\" src=\"https:\/\/www.jerusalemway.org\/shop\/wp-content\/uploads\/2020\/01\/WhatsApp-Bild-2023-01-16-um-16.12.07a-2-1024x539.jpg\" alt=\"\" width=\"640\" height=\"337\" srcset=\"https:\/\/www.jerusalemway.org\/shop\/wp-content\/uploads\/2020\/01\/WhatsApp-Bild-2023-01-16-um-16.12.07a-2-1024x539.jpg 1024w, https:\/\/www.jerusalemway.org\/shop\/wp-content\/uploads\/2020\/01\/WhatsApp-Bild-2023-01-16-um-16.12.07a-2-600x316.jpg 600w, https:\/\/www.jerusalemway.org\/shop\/wp-content\/uploads\/2020\/01\/WhatsApp-Bild-2023-01-16-um-16.12.07a-2-300x158.jpg 300w, https:\/\/www.jerusalemway.org\/shop\/wp-content\/uploads\/2020\/01\/WhatsApp-Bild-2023-01-16-um-16.12.07a-2-768x404.jpg 768w, https:\/\/www.jerusalemway.org\/shop\/wp-content\/uploads\/2020\/01\/WhatsApp-Bild-2023-01-16-um-16.12.07a-2-1536x809.jpg 1536w, https:\/\/www.jerusalemway.org\/shop\/wp-content\/uploads\/2020\/01\/WhatsApp-Bild-2023-01-16-um-16.12.07a-2-513x270.jpg 513w, https:\/\/www.jerusalemway.org\/shop\/wp-content\/uploads\/2020\/01\/WhatsApp-Bild-2023-01-16-um-16.12.07a-2.jpg 1597w\" sizes=\"(max-width: 640px) 100vw, 640px\" \/> <img decoding=\"async\" loading=\"lazy\" class=\"alignnone wp-image-582 size-large\" src=\"https:\/\/www.jerusalemway.org\/shop\/wp-content\/uploads\/2020\/01\/WhatsApp-Bild-2023-01-16-um-16.12.07aa-2-1024x567.jpg\" alt=\"\" width=\"640\" height=\"354\" srcset=\"https:\/\/www.jerusalemway.org\/shop\/wp-content\/uploads\/2020\/01\/WhatsApp-Bild-2023-01-16-um-16.12.07aa-2-1024x567.jpg 1024w, https:\/\/www.jerusalemway.org\/shop\/wp-content\/uploads\/2020\/01\/WhatsApp-Bild-2023-01-16-um-16.12.07aa-2-600x333.jpg 600w, https:\/\/www.jerusalemway.org\/shop\/wp-content\/uploads\/2020\/01\/WhatsApp-Bild-2023-01-16-um-16.12.07aa-2-300x166.jpg 300w, https:\/\/www.jerusalemway.org\/shop\/wp-content\/uploads\/2020\/01\/WhatsApp-Bild-2023-01-16-um-16.12.07aa-2-768x426.jpg 768w, https:\/\/www.jerusalemway.org\/shop\/wp-content\/uploads\/2020\/01\/WhatsApp-Bild-2023-01-16-um-16.12.07aa-2-1536x851.jpg 1536w, https:\/\/www.jerusalemway.org\/shop\/wp-content\/uploads\/2020\/01\/WhatsApp-Bild-2023-01-16-um-16.12.07aa-2-487x270.jpg 487w, https:\/\/www.jerusalemway.org\/shop\/wp-content\/uploads\/2020\/01\/WhatsApp-Bild-2023-01-16-um-16.12.07aa-2-1038x576.jpg 1038w, https:\/\/www.jerusalemway.org\/shop\/wp-content\/uploads\/2020\/01\/WhatsApp-Bild-2023-01-16-um-16.12.07aa-2.jpg 1541w\" sizes=\"(max-width: 640px) 100vw, 640px\" \/> <img decoding=\"async\" loading=\"lazy\" class=\"alignnone wp-image-581 size-large\" src=\"https:\/\/www.jerusalemway.org\/shop\/wp-content\/uploads\/2020\/01\/T-Shirt_JW-1024x483.jpg\" alt=\"\" width=\"640\" height=\"302\" srcset=\"https:\/\/www.jerusalemway.org\/shop\/wp-content\/uploads\/2020\/01\/T-Shirt_JW-1024x483.jpg 1024w, https:\/\/www.jerusalemway.org\/shop\/wp-content\/uploads\/2020\/01\/T-Shirt_JW-600x283.jpg 600w, https:\/\/www.jerusalemway.org\/shop\/wp-content\/uploads\/2020\/01\/T-Shirt_JW-300x142.jpg 300w, https:\/\/www.jerusalemway.org\/shop\/wp-content\/uploads\/2020\/01\/T-Shirt_JW-768x362.jpg 768w, https:\/\/www.jerusalemway.org\/shop\/wp-content\/uploads\/2020\/01\/T-Shirt_JW-1536x725.jpg 1536w, https:\/\/www.jerusalemway.org\/shop\/wp-content\/uploads\/2020\/01\/T-Shirt_JW-2048x966.jpg 2048w, https:\/\/www.jerusalemway.org\/shop\/wp-content\/uploads\/2020\/01\/T-Shirt_JW-572x270.jpg 572w\" sizes=\"(max-width: 640px) 100vw, 640px\" \/><\/p>\n","protected":false},"excerpt":{"rendered":"<p>Achtung: Nicht mehr alle Gr\u00f6\u00dfen lagernd! Wir melden uns nach der Bestellung ob die gew\u00fcnschte Gr\u00f6\u00dfe noch lieferbar ist&#8230;<\/p>\n","protected":false},"featured_media":579,"template":"","meta":[],"product_cat":[18],"product_tag":[],"yoast_head":"<!-- This site is optimized with the Yoast SEO plugin v20.11 - https:\/\/yoast.com\/wordpress\/plugins\/seo\/ -->\n<title>T-Shirt Herren - JERUSALEM WAY: On foot to Jerusalem - Pilgrimage<\/title>\n<meta name=\"robots\" content=\"index, follow, max-snippet:-1, max-image-preview:large, max-video-preview:-1\" \/>\n<link rel=\"canonical\" href=\"https:\/\/www.jerusalemway.org\/shop\/produkt\/t-shirt-herren\/\" \/>\n<meta property=\"og:locale\" content=\"de_DE\" \/>\n<meta property=\"og:type\" content=\"article\" \/>\n<meta property=\"og:title\" content=\"T-Shirt Herren - JERUSALEM WAY: On foot to Jerusalem - Pilgrimage\" \/>\n<meta property=\"og:description\" content=\"Achtung: Nicht mehr alle Gr\u00f6\u00dfen lagernd! Wir melden uns nach der Bestellung ob die gew\u00fcnschte Gr\u00f6\u00dfe noch lieferbar ist&#8230;\" \/>\n<meta property=\"og:url\" content=\"https:\/\/www.jerusalemway.org\/shop\/produkt\/t-shirt-herren\/\" \/>\n<meta property=\"og:site_name\" content=\"JERUSALEM WAY: On foot to Jerusalem - Pilgrimage\" \/>\n<meta property=\"article:modified_time\" content=\"2025-05-21T20:57:52+00:00\" \/>\n<meta property=\"og:image\" content=\"https:\/\/www.jerusalemway.org\/shop\/wp-content\/uploads\/2020\/01\/WhatsApp-Bild-2023-01-16-um-16.12.07a-2.jpg\" \/>\n\t<meta property=\"og:image:width\" content=\"1597\" \/>\n\t<meta property=\"og:image:height\" content=\"841\" \/>\n\t<meta property=\"og:image:type\" content=\"image\/jpeg\" \/>\n<meta name=\"twitter:card\" content=\"summary_large_image\" \/>\n<meta name=\"twitter:label1\" content=\"Gesch\u00e4tzte Lesezeit\" \/>\n\t<meta name=\"twitter:data1\" content=\"1\u00a0Minute\" \/>\n<script type=\"application\/ld+json\" class=\"yoast-schema-graph\">{\"@context\":\"https:\/\/schema.org\",\"@graph\":[{\"@type\":\"WebPage\",\"@id\":\"https:\/\/www.jerusalemway.org\/shop\/produkt\/t-shirt-herren\/\",\"url\":\"https:\/\/www.jerusalemway.org\/shop\/produkt\/t-shirt-herren\/\",\"name\":\"T-Shirt Herren - JERUSALEM WAY: On foot to Jerusalem - Pilgrimage\",\"isPartOf\":{\"@id\":\"https:\/\/www.jerusalemway.org\/shop\/#website\"},\"datePublished\":\"2020-01-07T12:49:21+00:00\",\"dateModified\":\"2025-05-21T20:57:52+00:00\",\"breadcrumb\":{\"@id\":\"https:\/\/www.jerusalemway.org\/shop\/produkt\/t-shirt-herren\/#breadcrumb\"},\"inLanguage\":\"de\",\"potentialAction\":[{\"@type\":\"ReadAction\",\"target\":[\"https:\/\/www.jerusalemway.org\/shop\/produkt\/t-shirt-herren\/\"]}]},{\"@type\":\"BreadcrumbList\",\"@id\":\"https:\/\/www.jerusalemway.org\/shop\/produkt\/t-shirt-herren\/#breadcrumb\",\"itemListElement\":[{\"@type\":\"ListItem\",\"position\":1,\"name\":\"Startseite\",\"item\":\"https:\/\/www.jerusalemway.org\/shop\/\"},{\"@type\":\"ListItem\",\"position\":2,\"name\":\"T-Shirt Herren\"}]},{\"@type\":\"WebSite\",\"@id\":\"https:\/\/www.jerusalemway.org\/shop\/#website\",\"url\":\"https:\/\/www.jerusalemway.org\/shop\/\",\"name\":\"Jerusalemweg: Zu Fu\u00df nach Jerusalem - Jerusalempilger - Pilgerweg\",\"description\":\"\",\"publisher\":{\"@id\":\"https:\/\/www.jerusalemway.org\/shop\/#organization\"},\"potentialAction\":[{\"@type\":\"SearchAction\",\"target\":{\"@type\":\"EntryPoint\",\"urlTemplate\":\"https:\/\/www.jerusalemway.org\/shop\/?s={search_term_string}\"},\"query-input\":\"required name=search_term_string\"}],\"inLanguage\":\"de\"},{\"@type\":\"Organization\",\"@id\":\"https:\/\/www.jerusalemway.org\/shop\/#organization\",\"name\":\"Jerusalemweg: Zu Fu\u00df nach Jerusalem - Jerusalempilger - Pilgerweg\",\"url\":\"https:\/\/www.jerusalemway.org\/shop\/\",\"logo\":{\"@type\":\"ImageObject\",\"inLanguage\":\"de\",\"@id\":\"https:\/\/www.jerusalemway.org\/shop\/#\/schema\/logo\/image\/\",\"url\":\"https:\/\/www.jerusalemway.org\/shop\/wp-content\/uploads\/2018\/05\/logo.png\",\"contentUrl\":\"https:\/\/www.jerusalemway.org\/shop\/wp-content\/uploads\/2018\/05\/logo.png\",\"width\":291,\"height\":80,\"caption\":\"Jerusalemweg: Zu Fu\u00df nach Jerusalem - Jerusalempilger - Pilgerweg\"},\"image\":{\"@id\":\"https:\/\/www.jerusalemway.org\/shop\/#\/schema\/logo\/image\/\"}}]}<\/script>\n<!-- \/ Yoast SEO plugin. -->","yoast_head_json":{"title":"T-Shirt Herren - JERUSALEM WAY: On foot to Jerusalem - Pilgrimage","robots":{"index":"index","follow":"follow","max-snippet":"max-snippet:-1","max-image-preview":"max-image-preview:large","max-video-preview":"max-video-preview:-1"},"canonical":"https:\/\/www.jerusalemway.org\/shop\/produkt\/t-shirt-herren\/","og_locale":"de_DE","og_type":"article","og_title":"T-Shirt Herren - JERUSALEM WAY: On foot to Jerusalem - Pilgrimage","og_description":"Achtung: Nicht mehr alle Gr\u00f6\u00dfen lagernd! Wir melden uns nach der Bestellung ob die gew\u00fcnschte Gr\u00f6\u00dfe noch lieferbar ist&#8230;","og_url":"https:\/\/www.jerusalemway.org\/shop\/produkt\/t-shirt-herren\/","og_site_name":"JERUSALEM WAY: On foot to Jerusalem - Pilgrimage","article_modified_time":"2025-05-21T20:57:52+00:00","og_image":[{"width":1597,"height":841,"url":"https:\/\/www.jerusalemway.org\/shop\/wp-content\/uploads\/2020\/01\/WhatsApp-Bild-2023-01-16-um-16.12.07a-2.jpg","type":"image\/jpeg"}],"twitter_card":"summary_large_image","twitter_misc":{"Gesch\u00e4tzte Lesezeit":"1\u00a0Minute"},"schema":{"@context":"https:\/\/schema.org","@graph":[{"@type":"WebPage","@id":"https:\/\/www.jerusalemway.org\/shop\/produkt\/t-shirt-herren\/","url":"https:\/\/www.jerusalemway.org\/shop\/produkt\/t-shirt-herren\/","name":"T-Shirt Herren - JERUSALEM WAY: On foot to Jerusalem - Pilgrimage","isPartOf":{"@id":"https:\/\/www.jerusalemway.org\/shop\/#website"},"datePublished":"2020-01-07T12:49:21+00:00","dateModified":"2025-05-21T20:57:52+00:00","breadcrumb":{"@id":"https:\/\/www.jerusalemway.org\/shop\/produkt\/t-shirt-herren\/#breadcrumb"},"inLanguage":"de","potentialAction":[{"@type":"ReadAction","target":["https:\/\/www.jerusalemway.org\/shop\/produkt\/t-shirt-herren\/"]}]},{"@type":"BreadcrumbList","@id":"https:\/\/www.jerusalemway.org\/shop\/produkt\/t-shirt-herren\/#breadcrumb","itemListElement":[{"@type":"ListItem","position":1,"name":"Startseite","item":"https:\/\/www.jerusalemway.org\/shop\/"},{"@type":"ListItem","position":2,"name":"T-Shirt Herren"}]},{"@type":"WebSite","@id":"https:\/\/www.jerusalemway.org\/shop\/#website","url":"https:\/\/www.jerusalemway.org\/shop\/","name":"Jerusalemweg: Zu Fu\u00df nach Jerusalem - Jerusalempilger - Pilgerweg","description":"","publisher":{"@id":"https:\/\/www.jerusalemway.org\/shop\/#organization"},"potentialAction":[{"@type":"SearchAction","target":{"@type":"EntryPoint","urlTemplate":"https:\/\/www.jerusalemway.org\/shop\/?s={search_term_string}"},"query-input":"required name=search_term_string"}],"inLanguage":"de"},{"@type":"Organization","@id":"https:\/\/www.jerusalemway.org\/shop\/#organization","name":"Jerusalemweg: Zu Fu\u00df nach Jerusalem - Jerusalempilger - Pilgerweg","url":"https:\/\/www.jerusalemway.org\/shop\/","logo":{"@type":"ImageObject","inLanguage":"de","@id":"https:\/\/www.jerusalemway.org\/shop\/#\/schema\/logo\/image\/","url":"https:\/\/www.jerusalemway.org\/shop\/wp-content\/uploads\/2018\/05\/logo.png","contentUrl":"https:\/\/www.jerusalemway.org\/shop\/wp-content\/uploads\/2018\/05\/logo.png","width":291,"height":80,"caption":"Jerusalemweg: Zu Fu\u00df nach Jerusalem - Jerusalempilger - Pilgerweg"},"image":{"@id":"https:\/\/www.jerusalemway.org\/shop\/#\/schema\/logo\/image\/"}}]}},"_links":{"self":[{"href":"https:\/\/www.jerusalemway.org\/shop\/wp-json\/wp\/v2\/product\/46"}],"collection":[{"href":"https:\/\/www.jerusalemway.org\/shop\/wp-json\/wp\/v2\/product"}],"about":[{"href":"https:\/\/www.jerusalemway.org\/shop\/wp-json\/wp\/v2\/types\/product"}],"wp:featuredmedia":[{"embeddable":true,"href":"https:\/\/www.jerusalemway.org\/shop\/wp-json\/wp\/v2\/media\/579"}],"wp:attachment":[{"href":"https:\/\/www.jerusalemway.org\/shop\/wp-json\/wp\/v2\/media?parent=46"}],"wp:term":[{"taxonomy":"product_cat","embeddable":true,"href":"https:\/\/www.jerusalemway.org\/shop\/wp-json\/wp\/v2\/product_cat?post=46"},{"taxonomy":"product_tag","embeddable":true,"href":"https:\/\/www.jerusalemway.org\/shop\/wp-json\/wp\/v2\/product_tag?post=46"}],"curies":[{"name":"wp","href":"https:\/\/api.w.org\/{rel}","templated":true}]}}