{"id":36,"date":"2020-01-01T13:42:42","date_gmt":"2020-01-01T12:42:42","guid":{"rendered":"https:\/\/www.jerusalemway.org\/shop\/?post_type=product&#038;p=36"},"modified":"2025-07-05T11:11:55","modified_gmt":"2025-07-05T09:11:55","slug":"buch-deutsch","status":"publish","type":"product","link":"https:\/\/www.jerusalemway.org\/shop\/produkt\/buch-deutsch\/","title":{"rendered":"Buch in DEUTSCH"},"content":{"rendered":"<p><strong>Info: Der Bestseller ist bereits in der 10. Auflage und kann hier mit pers\u00f6nlicher Signierung bestellt werden! Das Buch ist in Farbdruck und wahlweise als Hardcover \/ Taschenbuch \/ E-Book erh\u00e4ltlich.<\/strong><\/p>\n<p><strong>Eine au\u00dfergew\u00f6hnliche Pilgerreise: Aus dem Herzen Europas zu Fu\u00df nach Jerusalem!<br \/>\n<\/strong>4.500 km betr\u00e4gt die Strecke von Ober\u00f6sterreich bis nach Jerusalem! Drei M\u00e4nner machten sich im Juni 2010 auf den Weg und gingen diese unglaubliche Strecke zu Fu\u00df und trafen nach sechs Monaten am 24. Dezember in Bethlehem und schlie\u00dflich am 26. Dezember in Jerusalem ein.<\/p>\n<p>Johannes Aschauer, Otto Kl\u00e4r und David Zwilling zwei Polizisten und ein ehemaliger Schirennl\u00e4ufer und Abfahrtsweltmeister waren auf dieser au\u00dfergew\u00f6hnlichen Pilgerreise. Auf ihrer Reise folgten sie den Spuren der Kreuzz\u00fcge, wandelten auf den Wegen des Apostels Paulus und den historischen Pilgerpfaden durch 10 L\u00e4nder in das Heilige Land Israel: Dieses Buch berichtet \u00fcber ihren Weg, gibt Einblicke rund um das Thema Pilgern im Allgemeinen und erz\u00e4hlt eindr\u00fccklich die Abenteuer, Erlebnisse und Erfahrungen der drei Jerusalempilger. Wegbeschreibungen, Berichte \u00fcber historische Ereignisse, pers\u00f6nliche Erlebnisse und spirituelle Erfahrungen und Erkenntnisse sowie zahlreiche Farbfotos und \u00fcbersichtliche Wegskizzen runden diesen einzigartigen Reisebericht ab. <strong>Beispiel einer Buchkritik aus Deutschland: <\/strong><em>Wer sich auf dieses Buch einl\u00e4sst, wird im Geiste mitgehen, mitf\u00fchlen und an Gottvertrauen gewinnen!<\/em><\/p>\n<p><strong>Portrait zum Autor<\/strong><br \/>\nJohannes Aschauer, im Hauptberuf Polizist, machte sich im Juni 2010 mit seinem Kollegen Otto Kl\u00e4r und dem ehemaligen Schirennl\u00e4ufer und Abfahrtsweltmeister David Zwilling auf den Weg ins Heilige Land. Am 25. Dezember erreichten sie Jerusalem. <strong>Mit ihrer Wanderung legten sie den Grundstein f\u00fcr das internationale Friedensprojekt \u00bbJerusalemweg \/ Jerusalem Way\u00ab und f\u00fcr das gleichnamige Buch, das in \u00d6sterreich ein gro\u00dfer Erfolg wurde.<\/strong> Der Autor setzt sich auch mit live Vortr\u00e4gen und gef\u00fchrten Pilgerreisen f\u00fcr den Jerusalemweg als v\u00f6lker- und religionsverbindenden Friedensweg ein.<\/p>\n<p>Erstauflage: Oktober 2011 \/ Styria Verlag<br \/>\nAktuell: 10. Auflage<br \/>\nISBN: ISBN 978-3-200-03263-7<br \/>\nFormat: 13,5 x 20,5 cm<br \/>\nSeiten: 384 in Farbdruck mit \u00fcber 300 Farbfotos und Landkarten<br \/>\nEinband wahlweise: Hardcover oder Taschenbuch<br \/>\nPreis: \u20ac 21,- f\u00fcr Hardcover und \u20ac 15,- f\u00fcr Taschenbuch<br \/>\nAnmerkung: Die B\u00fccher werden auf Wunsch pers\u00f6nlich signiert!<\/p>\n<p class=\"csc-firstHeader\">Hinweis: Das Buch ist in der Folge beim renommierten <em>Malik National Geographic Verlag<\/em> auch als <strong><a href=\"https:\/\/www.jerusalemway.org\/shop\/produkt\/taschenbuch\/\" target=\"_blank\" rel=\"noopener noreferrer\"><span style=\"color: #3366ff;\">Taschenbuch<\/span><\/a><\/strong> erschienen sowie als <strong><a href=\"https:\/\/www.piper.de\/buecher\/auf-dem-jerusalemweg-isbn-978-3-492-96566-8-ebook\" target=\"_blank\" rel=\"noopener noreferrer\"><span style=\"color: #3366ff;\">E-Book<\/span><\/a><\/strong> erh\u00e4ltlich!<\/p>\n<p style=\"text-align: center;\"><strong><em>Das Buch ist auch in ENGLISCH als Hardcover und E-Book erh\u00e4ltlich!<br \/>\n<a href=\"https:\/\/www.jerusalemway.org\/shop\/produkt\/buch-englisch\/\" target=\"_blank\" rel=\"noopener\"><span style=\"color: #3366ff;\">Link Buch Englisch<\/span><\/a><\/em><\/strong><\/p>\n<p><i>Bitte beachten Sie zus\u00e4tzlich den allgemeinen Hinweis zum Urheberrecht, insbesondere im Zusammenhang mit Buch und Filmvortrag im Men\u00fc &#8222;<a class=\"internal-link-new-window\" title=\"Opens internal link in new window\" href=\"https:\/\/www.jerusalemway.org\/kontakt\/kontakt-impressum\/\" target=\"_blank\" rel=\"noopener\">Kontakt &amp; Impressum<\/a>&#8222;.<\/i><\/p>\n","protected":false},"excerpt":{"rendered":"<p>Info: Der Bestseller ist bereits in der 10. Auflage und kann hier mit pers\u00f6nlicher Signierung bestellt werden! Das Buch ist in Farbdruck und wahlweise als Hardcover \/ Taschenbuch \/ E-Book erh\u00e4ltlich. Eine au\u00dfergew\u00f6hnliche Pilgerreise: Aus dem Herzen Europas zu Fu\u00df nach Jerusalem! 4.500 km betr\u00e4gt die Strecke von Ober\u00f6sterreich bis nach Jerusalem! Drei M\u00e4nner machten sich im Juni 2010 auf den Weg und gingen diese unglaubliche Strecke zu Fu\u00df und trafen nach sechs Monaten am 24. Dezember in Bethlehem und&#8230;<\/p>\n<p class=\"read-more\"><a class=\"btn btn-default\" href=\"https:\/\/www.jerusalemway.org\/shop\/produkt\/buch-deutsch\/\">Weiterlesen<span class=\"screen-reader-text\"> Weiterlesen<\/span><\/a><\/p>\n","protected":false},"featured_media":27,"template":"","meta":[],"product_cat":[18],"product_tag":[],"yoast_head":"<!-- This site is optimized with the Yoast SEO plugin v20.11 - https:\/\/yoast.com\/wordpress\/plugins\/seo\/ -->\n<title>Buch in DEUTSCH - JERUSALEM WAY: On foot to Jerusalem - Pilgrimage<\/title>\n<meta name=\"description\" content=\"Buch Bestseller: Zu Fu\u00df nach Jerusalem \/ Auf dem Jerusalemweg! Hardcover und in Farbe, Deutsch, Landkarten, Farbfotos, usw.\" \/>\n<meta name=\"robots\" content=\"index, follow, max-snippet:-1, max-image-preview:large, max-video-preview:-1\" \/>\n<link rel=\"canonical\" href=\"https:\/\/www.jerusalemway.org\/shop\/produkt\/buch-deutsch\/\" \/>\n<meta property=\"og:locale\" content=\"de_DE\" \/>\n<meta property=\"og:type\" content=\"article\" \/>\n<meta property=\"og:title\" content=\"Buch in DEUTSCH - JERUSALEM WAY: On foot to Jerusalem - Pilgrimage\" \/>\n<meta property=\"og:description\" content=\"Buch Bestseller: Zu Fu\u00df nach Jerusalem \/ Auf dem Jerusalemweg! Hardcover und in Farbe, Deutsch, Landkarten, Farbfotos, usw.\" \/>\n<meta property=\"og:url\" content=\"https:\/\/www.jerusalemway.org\/shop\/produkt\/buch-deutsch\/\" \/>\n<meta property=\"og:site_name\" content=\"JERUSALEM WAY: On foot to Jerusalem - Pilgrimage\" \/>\n<meta property=\"article:modified_time\" content=\"2025-07-05T09:11:55+00:00\" \/>\n<meta property=\"og:image\" content=\"https:\/\/www.jerusalemway.org\/shop\/wp-content\/uploads\/2019\/06\/01-scaled.jpg\" \/>\n\t<meta property=\"og:image:width\" content=\"2560\" \/>\n\t<meta property=\"og:image:height\" content=\"1893\" \/>\n\t<meta property=\"og:image:type\" content=\"image\/jpeg\" \/>\n<meta name=\"twitter:card\" content=\"summary_large_image\" \/>\n<meta name=\"twitter:label1\" content=\"Gesch\u00e4tzte Lesezeit\" \/>\n\t<meta name=\"twitter:data1\" content=\"3\u00a0Minuten\" \/>\n<script type=\"application\/ld+json\" class=\"yoast-schema-graph\">{\"@context\":\"https:\/\/schema.org\",\"@graph\":[{\"@type\":\"WebPage\",\"@id\":\"https:\/\/www.jerusalemway.org\/shop\/produkt\/buch-deutsch\/\",\"url\":\"https:\/\/www.jerusalemway.org\/shop\/produkt\/buch-deutsch\/\",\"name\":\"Buch in DEUTSCH - JERUSALEM WAY: On foot to Jerusalem - Pilgrimage\",\"isPartOf\":{\"@id\":\"https:\/\/www.jerusalemway.org\/shop\/#website\"},\"datePublished\":\"2020-01-01T12:42:42+00:00\",\"dateModified\":\"2025-07-05T09:11:55+00:00\",\"description\":\"Buch Bestseller: Zu Fu\u00df nach Jerusalem \/ Auf dem Jerusalemweg! Hardcover und in Farbe, Deutsch, Landkarten, Farbfotos, usw.\",\"breadcrumb\":{\"@id\":\"https:\/\/www.jerusalemway.org\/shop\/produkt\/buch-deutsch\/#breadcrumb\"},\"inLanguage\":\"de\",\"potentialAction\":[{\"@type\":\"ReadAction\",\"target\":[\"https:\/\/www.jerusalemway.org\/shop\/produkt\/buch-deutsch\/\"]}]},{\"@type\":\"BreadcrumbList\",\"@id\":\"https:\/\/www.jerusalemway.org\/shop\/produkt\/buch-deutsch\/#breadcrumb\",\"itemListElement\":[{\"@type\":\"ListItem\",\"position\":1,\"name\":\"Startseite\",\"item\":\"https:\/\/www.jerusalemway.org\/shop\/\"},{\"@type\":\"ListItem\",\"position\":2,\"name\":\"Buch in DEUTSCH\"}]},{\"@type\":\"WebSite\",\"@id\":\"https:\/\/www.jerusalemway.org\/shop\/#website\",\"url\":\"https:\/\/www.jerusalemway.org\/shop\/\",\"name\":\"Jerusalemweg: Zu Fu\u00df nach Jerusalem - Jerusalempilger - Pilgerweg\",\"description\":\"\",\"publisher\":{\"@id\":\"https:\/\/www.jerusalemway.org\/shop\/#organization\"},\"potentialAction\":[{\"@type\":\"SearchAction\",\"target\":{\"@type\":\"EntryPoint\",\"urlTemplate\":\"https:\/\/www.jerusalemway.org\/shop\/?s={search_term_string}\"},\"query-input\":\"required name=search_term_string\"}],\"inLanguage\":\"de\"},{\"@type\":\"Organization\",\"@id\":\"https:\/\/www.jerusalemway.org\/shop\/#organization\",\"name\":\"Jerusalemweg: Zu Fu\u00df nach Jerusalem - Jerusalempilger - Pilgerweg\",\"url\":\"https:\/\/www.jerusalemway.org\/shop\/\",\"logo\":{\"@type\":\"ImageObject\",\"inLanguage\":\"de\",\"@id\":\"https:\/\/www.jerusalemway.org\/shop\/#\/schema\/logo\/image\/\",\"url\":\"https:\/\/www.jerusalemway.org\/shop\/wp-content\/uploads\/2018\/05\/logo.png\",\"contentUrl\":\"https:\/\/www.jerusalemway.org\/shop\/wp-content\/uploads\/2018\/05\/logo.png\",\"width\":291,\"height\":80,\"caption\":\"Jerusalemweg: Zu Fu\u00df nach Jerusalem - Jerusalempilger - Pilgerweg\"},\"image\":{\"@id\":\"https:\/\/www.jerusalemway.org\/shop\/#\/schema\/logo\/image\/\"}}]}<\/script>\n<!-- \/ Yoast SEO plugin. -->","yoast_head_json":{"title":"Buch in DEUTSCH - JERUSALEM WAY: On foot to Jerusalem - Pilgrimage","description":"Buch Bestseller: Zu Fu\u00df nach Jerusalem \/ Auf dem Jerusalemweg! Hardcover und in Farbe, Deutsch, Landkarten, Farbfotos, usw.","robots":{"index":"index","follow":"follow","max-snippet":"max-snippet:-1","max-image-preview":"max-image-preview:large","max-video-preview":"max-video-preview:-1"},"canonical":"https:\/\/www.jerusalemway.org\/shop\/produkt\/buch-deutsch\/","og_locale":"de_DE","og_type":"article","og_title":"Buch in DEUTSCH - JERUSALEM WAY: On foot to Jerusalem - Pilgrimage","og_description":"Buch Bestseller: Zu Fu\u00df nach Jerusalem \/ Auf dem Jerusalemweg! Hardcover und in Farbe, Deutsch, Landkarten, Farbfotos, usw.","og_url":"https:\/\/www.jerusalemway.org\/shop\/produkt\/buch-deutsch\/","og_site_name":"JERUSALEM WAY: On foot to Jerusalem - Pilgrimage","article_modified_time":"2025-07-05T09:11:55+00:00","og_image":[{"width":2560,"height":1893,"url":"https:\/\/www.jerusalemway.org\/shop\/wp-content\/uploads\/2019\/06\/01-scaled.jpg","type":"image\/jpeg"}],"twitter_card":"summary_large_image","twitter_misc":{"Gesch\u00e4tzte Lesezeit":"3\u00a0Minuten"},"schema":{"@context":"https:\/\/schema.org","@graph":[{"@type":"WebPage","@id":"https:\/\/www.jerusalemway.org\/shop\/produkt\/buch-deutsch\/","url":"https:\/\/www.jerusalemway.org\/shop\/produkt\/buch-deutsch\/","name":"Buch in DEUTSCH - JERUSALEM WAY: On foot to Jerusalem - Pilgrimage","isPartOf":{"@id":"https:\/\/www.jerusalemway.org\/shop\/#website"},"datePublished":"2020-01-01T12:42:42+00:00","dateModified":"2025-07-05T09:11:55+00:00","description":"Buch Bestseller: Zu Fu\u00df nach Jerusalem \/ Auf dem Jerusalemweg! Hardcover und in Farbe, Deutsch, Landkarten, Farbfotos, usw.","breadcrumb":{"@id":"https:\/\/www.jerusalemway.org\/shop\/produkt\/buch-deutsch\/#breadcrumb"},"inLanguage":"de","potentialAction":[{"@type":"ReadAction","target":["https:\/\/www.jerusalemway.org\/shop\/produkt\/buch-deutsch\/"]}]},{"@type":"BreadcrumbList","@id":"https:\/\/www.jerusalemway.org\/shop\/produkt\/buch-deutsch\/#breadcrumb","itemListElement":[{"@type":"ListItem","position":1,"name":"Startseite","item":"https:\/\/www.jerusalemway.org\/shop\/"},{"@type":"ListItem","position":2,"name":"Buch in DEUTSCH"}]},{"@type":"WebSite","@id":"https:\/\/www.jerusalemway.org\/shop\/#website","url":"https:\/\/www.jerusalemway.org\/shop\/","name":"Jerusalemweg: Zu Fu\u00df nach Jerusalem - Jerusalempilger - Pilgerweg","description":"","publisher":{"@id":"https:\/\/www.jerusalemway.org\/shop\/#organization"},"potentialAction":[{"@type":"SearchAction","target":{"@type":"EntryPoint","urlTemplate":"https:\/\/www.jerusalemway.org\/shop\/?s={search_term_string}"},"query-input":"required name=search_term_string"}],"inLanguage":"de"},{"@type":"Organization","@id":"https:\/\/www.jerusalemway.org\/shop\/#organization","name":"Jerusalemweg: Zu Fu\u00df nach Jerusalem - Jerusalempilger - Pilgerweg","url":"https:\/\/www.jerusalemway.org\/shop\/","logo":{"@type":"ImageObject","inLanguage":"de","@id":"https:\/\/www.jerusalemway.org\/shop\/#\/schema\/logo\/image\/","url":"https:\/\/www.jerusalemway.org\/shop\/wp-content\/uploads\/2018\/05\/logo.png","contentUrl":"https:\/\/www.jerusalemway.org\/shop\/wp-content\/uploads\/2018\/05\/logo.png","width":291,"height":80,"caption":"Jerusalemweg: Zu Fu\u00df nach Jerusalem - Jerusalempilger - Pilgerweg"},"image":{"@id":"https:\/\/www.jerusalemway.org\/shop\/#\/schema\/logo\/image\/"}}]}},"_links":{"self":[{"href":"https:\/\/www.jerusalemway.org\/shop\/wp-json\/wp\/v2\/product\/36"}],"collection":[{"href":"https:\/\/www.jerusalemway.org\/shop\/wp-json\/wp\/v2\/product"}],"about":[{"href":"https:\/\/www.jerusalemway.org\/shop\/wp-json\/wp\/v2\/types\/product"}],"wp:featuredmedia":[{"embeddable":true,"href":"https:\/\/www.jerusalemway.org\/shop\/wp-json\/wp\/v2\/media\/27"}],"wp:attachment":[{"href":"https:\/\/www.jerusalemway.org\/shop\/wp-json\/wp\/v2\/media?parent=36"}],"wp:term":[{"taxonomy":"product_cat","embeddable":true,"href":"https:\/\/www.jerusalemway.org\/shop\/wp-json\/wp\/v2\/product_cat?post=36"},{"taxonomy":"product_tag","embeddable":true,"href":"https:\/\/www.jerusalemway.org\/shop\/wp-json\/wp\/v2\/product_tag?post=36"}],"curies":[{"name":"wp","href":"https:\/\/api.w.org\/{rel}","templated":true}]}}