{"id":26,"date":"2020-01-02T13:32:23","date_gmt":"2020-01-02T12:32:23","guid":{"rendered":"https:\/\/www.jerusalemway.org\/shop\/?post_type=product&#038;p=26"},"modified":"2025-07-05T11:16:00","modified_gmt":"2025-07-05T09:16:00","slug":"taschenbuch","status":"publish","type":"product","link":"https:\/\/www.jerusalemway.org\/shop\/produkt\/taschenbuch\/","title":{"rendered":"Taschenbuch DEUTSCH"},"content":{"rendered":"<div class=\"book-detail-main-bold-caps\">\n<p><strong>Der Bestseller ist bereits in der 10. Auflage und kann hier mit pers\u00f6nlicher Signierung bestellt werden! Das Buch ist wahlweise als Hardcover \/ Taschenbuch \/ E-Book hier im Shop erh\u00e4ltlich.<\/strong><\/p>\n<\/div>\n<p><strong>Eine au\u00dfergew\u00f6hnliche Pilgerreise: Aus dem Herzen Europas zu Fu\u00df nach Jerusalem!<br \/>\n<\/strong>4.500 km betr\u00e4gt die Strecke von Ober\u00f6sterreich bis nach Jerusalem! Drei M\u00e4nner machten sich im Juni 2010 auf den Weg und gingen diese unglaubliche Strecke zu Fu\u00df und trafen nach sechs Monaten am 24. Dezember in Bethlehem und schlie\u00dflich am 26. Dezember in Jerusalem ein.<\/p>\n<p>Johannes Aschauer, Otto Kl\u00e4r und David Zwilling zwei Polizisten und ein ehemaliger Schirennl\u00e4ufer und Abfahrtsweltmeister waren auf dieser au\u00dfergew\u00f6hnlichen Pilgerreise. Auf ihrer Reise folgten sie den Spuren der Kreuzz\u00fcge, wandelten auf den Wegen des Apostels Paulus und den historischen Pilgerpfaden durch 10 L\u00e4nder in das Heilige Land Israel: Dieses Buch berichtet \u00fcber ihren Weg, gibt Einblicke rund um das Thema Pilgern im Allgemeinen und erz\u00e4hlt eindr\u00fccklich die Abenteuer, Erlebnisse und Erfahrungen der drei Jerusalempilger. Wegbeschreibungen, Berichte \u00fcber historische Ereignisse, pers\u00f6nliche Erlebnisse und spirituelle Erfahrungen und Erkenntnisse sowie zahlreiche Farbfotos und \u00fcbersichtliche Wegskizzen runden diesen einzigartigen Reisebericht ab. <strong>Beispiel einer Buchkritik aus Deutschland: <\/strong><em>Wer sich auf dieses Buch einl\u00e4sst, wird im Geiste mitgehen, mitf\u00fchlen und an Gottvertrauen gewinnen!<\/em><\/p>\n<p style=\"text-align: center;\">Hier ist eine <strong><a href=\"https:\/\/books.google.at\/books\/about\/Auf_dem_Jerusalemweg.html?id=tDmRDQAAQBAJ&amp;printsec=frontcover&amp;source=kp_read_button&amp;redir_esc=y#v=onepage&amp;q&amp;f=false\" target=\"_blank\" rel=\"noopener noreferrer\"><span style=\"color: #3366ff;\">Leseprobe<\/span><\/a><\/strong> sowie weitere <a href=\"https:\/\/www.jerusalemway.org\/shop\/Infos_Taschenbuch_Jerusalemweg.pdf\" target=\"_blank\" rel=\"noopener noreferrer\"><strong><span style=\"color: #3366ff;\">Infos zum Taschenbuch<\/span><\/strong><\/a><\/p>\n<p><strong>Portrait zum Autor<\/strong><br \/>\nJohannes Aschauer, im Hauptberuf Polizist, machte sich im Juni 2010 mit seinem Kollegen Otto Kl\u00e4r und dem ehemaligen Schirennl\u00e4ufer und Abfahrtsweltmeister David Zwilling auf den Weg ins Heilige Land. Am 25. Dezember erreichten sie Jerusalem. <strong>Mit ihrer Wanderung legten sie den Grundstein f\u00fcr das internationale Friedensprojekt \u00bbJerusalemweg \/ Jerusalem Way\u00ab und f\u00fcr das gleichnamige Buch, das in \u00d6sterreich ein gro\u00dfer Erfolg wurde.<\/strong> Der Autor setzt sich auch mit live Vortr\u00e4gen und gef\u00fchrten Pilgerreisen f\u00fcr den Jerusalemweg als v\u00f6lker- und religionsverbindenden Friedensweg ein.<\/p>\n<p>Anmerkung: Die B\u00fccher werden auf Wunsch pers\u00f6nlich signiert. Viel Freude mit dem Buch!<\/p>\n<p style=\"text-align: center;\"><strong><em>Das Buch ist auch in ENGLISCH als Hardcover und E-Book erh\u00e4ltlich!<br \/>\n<a href=\"https:\/\/www.jerusalemway.org\/shop\/produkt\/buch-englisch\/\" target=\"_blank\" rel=\"noopener\"><span style=\"color: #3366ff;\">Link Buch Englisch<\/span><\/a><\/em><\/strong><\/p>\n<p><i>Bitte beachten Sie zus\u00e4tzlich den allgemeinen Hinweis zum Urheberrecht, insbesondere im Zusammenhang mit Buch und Filmvortrag im Men\u00fc &#8222;<a class=\"internal-link-new-window\" title=\"Opens internal link in new window\" href=\"https:\/\/www.jerusalemway.org\/kontakt\/kontakt-impressum\/\" target=\"_blank\" rel=\"noopener\">Kontakt &amp; Impressum<\/a>&#8222;.<\/i><\/p>\n","protected":false},"excerpt":{"rendered":"<p>Der Bestseller ist bereits in der 10. Auflage und kann hier mit pers\u00f6nlicher Signierung bestellt werden! Das Buch ist wahlweise als Hardcover \/ Taschenbuch \/ E-Book hier im Shop erh\u00e4ltlich. Eine au\u00dfergew\u00f6hnliche Pilgerreise: Aus dem Herzen Europas zu Fu\u00df nach Jerusalem! 4.500 km betr\u00e4gt die Strecke von Ober\u00f6sterreich bis nach Jerusalem! Drei M\u00e4nner machten sich im Juni 2010 auf den Weg und gingen diese unglaubliche Strecke zu Fu\u00df und trafen nach sechs Monaten am 24. Dezember in Bethlehem und schlie\u00dflich&#8230;<\/p>\n<p class=\"read-more\"><a class=\"btn btn-default\" href=\"https:\/\/www.jerusalemway.org\/shop\/produkt\/taschenbuch\/\">Weiterlesen<span class=\"screen-reader-text\"> Weiterlesen<\/span><\/a><\/p>\n","protected":false},"featured_media":28,"template":"","meta":[],"product_cat":[18],"product_tag":[],"yoast_head":"<!-- This site is optimized with the Yoast SEO plugin v20.11 - https:\/\/yoast.com\/wordpress\/plugins\/seo\/ -->\n<title>Taschenbuch DEUTSCH - JERUSALEM WAY: On foot to Jerusalem - Pilgrimage<\/title>\n<meta name=\"description\" content=\"Taschenbuch: Zu Fu\u00df nach Jerusalem \/ Auf dem Jerusalemweg! Deutsch, Landkarten, QR Codes zu Videos und GPS, Farbfotos usw.\" \/>\n<meta name=\"robots\" content=\"index, follow, max-snippet:-1, max-image-preview:large, max-video-preview:-1\" \/>\n<link rel=\"canonical\" href=\"https:\/\/www.jerusalemway.org\/shop\/produkt\/taschenbuch\/\" \/>\n<meta property=\"og:locale\" content=\"de_DE\" \/>\n<meta property=\"og:type\" content=\"article\" \/>\n<meta property=\"og:title\" content=\"Taschenbuch DEUTSCH - JERUSALEM WAY: On foot to Jerusalem - Pilgrimage\" \/>\n<meta property=\"og:description\" content=\"Taschenbuch: Zu Fu\u00df nach Jerusalem \/ Auf dem Jerusalemweg! Deutsch, Landkarten, QR Codes zu Videos und GPS, Farbfotos usw.\" \/>\n<meta property=\"og:url\" content=\"https:\/\/www.jerusalemway.org\/shop\/produkt\/taschenbuch\/\" \/>\n<meta property=\"og:site_name\" content=\"JERUSALEM WAY: On foot to Jerusalem - Pilgrimage\" \/>\n<meta property=\"article:modified_time\" content=\"2025-07-05T09:16:00+00:00\" \/>\n<meta property=\"og:image\" content=\"https:\/\/www.jerusalemway.org\/shop\/wp-content\/uploads\/2019\/06\/Cover_3D.png\" \/>\n\t<meta property=\"og:image:width\" content=\"1280\" \/>\n\t<meta property=\"og:image:height\" content=\"720\" \/>\n\t<meta property=\"og:image:type\" content=\"image\/png\" \/>\n<meta name=\"twitter:card\" content=\"summary_large_image\" \/>\n<meta name=\"twitter:label1\" content=\"Gesch\u00e4tzte Lesezeit\" \/>\n\t<meta name=\"twitter:data1\" content=\"2\u00a0Minuten\" \/>\n<script type=\"application\/ld+json\" class=\"yoast-schema-graph\">{\"@context\":\"https:\/\/schema.org\",\"@graph\":[{\"@type\":\"WebPage\",\"@id\":\"https:\/\/www.jerusalemway.org\/shop\/produkt\/taschenbuch\/\",\"url\":\"https:\/\/www.jerusalemway.org\/shop\/produkt\/taschenbuch\/\",\"name\":\"Taschenbuch DEUTSCH - JERUSALEM WAY: On foot to Jerusalem - Pilgrimage\",\"isPartOf\":{\"@id\":\"https:\/\/www.jerusalemway.org\/shop\/#website\"},\"datePublished\":\"2020-01-02T12:32:23+00:00\",\"dateModified\":\"2025-07-05T09:16:00+00:00\",\"description\":\"Taschenbuch: Zu Fu\u00df nach Jerusalem \/ Auf dem Jerusalemweg! Deutsch, Landkarten, QR Codes zu Videos und GPS, Farbfotos usw.\",\"breadcrumb\":{\"@id\":\"https:\/\/www.jerusalemway.org\/shop\/produkt\/taschenbuch\/#breadcrumb\"},\"inLanguage\":\"de\",\"potentialAction\":[{\"@type\":\"ReadAction\",\"target\":[\"https:\/\/www.jerusalemway.org\/shop\/produkt\/taschenbuch\/\"]}]},{\"@type\":\"BreadcrumbList\",\"@id\":\"https:\/\/www.jerusalemway.org\/shop\/produkt\/taschenbuch\/#breadcrumb\",\"itemListElement\":[{\"@type\":\"ListItem\",\"position\":1,\"name\":\"Startseite\",\"item\":\"https:\/\/www.jerusalemway.org\/shop\/\"},{\"@type\":\"ListItem\",\"position\":2,\"name\":\"Taschenbuch DEUTSCH\"}]},{\"@type\":\"WebSite\",\"@id\":\"https:\/\/www.jerusalemway.org\/shop\/#website\",\"url\":\"https:\/\/www.jerusalemway.org\/shop\/\",\"name\":\"Jerusalemweg: Zu Fu\u00df nach Jerusalem - Jerusalempilger - Pilgerweg\",\"description\":\"\",\"publisher\":{\"@id\":\"https:\/\/www.jerusalemway.org\/shop\/#organization\"},\"potentialAction\":[{\"@type\":\"SearchAction\",\"target\":{\"@type\":\"EntryPoint\",\"urlTemplate\":\"https:\/\/www.jerusalemway.org\/shop\/?s={search_term_string}\"},\"query-input\":\"required name=search_term_string\"}],\"inLanguage\":\"de\"},{\"@type\":\"Organization\",\"@id\":\"https:\/\/www.jerusalemway.org\/shop\/#organization\",\"name\":\"Jerusalemweg: Zu Fu\u00df nach Jerusalem - Jerusalempilger - Pilgerweg\",\"url\":\"https:\/\/www.jerusalemway.org\/shop\/\",\"logo\":{\"@type\":\"ImageObject\",\"inLanguage\":\"de\",\"@id\":\"https:\/\/www.jerusalemway.org\/shop\/#\/schema\/logo\/image\/\",\"url\":\"https:\/\/www.jerusalemway.org\/shop\/wp-content\/uploads\/2018\/05\/logo.png\",\"contentUrl\":\"https:\/\/www.jerusalemway.org\/shop\/wp-content\/uploads\/2018\/05\/logo.png\",\"width\":291,\"height\":80,\"caption\":\"Jerusalemweg: Zu Fu\u00df nach Jerusalem - Jerusalempilger - Pilgerweg\"},\"image\":{\"@id\":\"https:\/\/www.jerusalemway.org\/shop\/#\/schema\/logo\/image\/\"}}]}<\/script>\n<!-- \/ Yoast SEO plugin. -->","yoast_head_json":{"title":"Taschenbuch DEUTSCH - JERUSALEM WAY: On foot to Jerusalem - Pilgrimage","description":"Taschenbuch: Zu Fu\u00df nach Jerusalem \/ Auf dem Jerusalemweg! Deutsch, Landkarten, QR Codes zu Videos und GPS, Farbfotos usw.","robots":{"index":"index","follow":"follow","max-snippet":"max-snippet:-1","max-image-preview":"max-image-preview:large","max-video-preview":"max-video-preview:-1"},"canonical":"https:\/\/www.jerusalemway.org\/shop\/produkt\/taschenbuch\/","og_locale":"de_DE","og_type":"article","og_title":"Taschenbuch DEUTSCH - JERUSALEM WAY: On foot to Jerusalem - Pilgrimage","og_description":"Taschenbuch: Zu Fu\u00df nach Jerusalem \/ Auf dem Jerusalemweg! Deutsch, Landkarten, QR Codes zu Videos und GPS, Farbfotos usw.","og_url":"https:\/\/www.jerusalemway.org\/shop\/produkt\/taschenbuch\/","og_site_name":"JERUSALEM WAY: On foot to Jerusalem - Pilgrimage","article_modified_time":"2025-07-05T09:16:00+00:00","og_image":[{"width":1280,"height":720,"url":"https:\/\/www.jerusalemway.org\/shop\/wp-content\/uploads\/2019\/06\/Cover_3D.png","type":"image\/png"}],"twitter_card":"summary_large_image","twitter_misc":{"Gesch\u00e4tzte Lesezeit":"2\u00a0Minuten"},"schema":{"@context":"https:\/\/schema.org","@graph":[{"@type":"WebPage","@id":"https:\/\/www.jerusalemway.org\/shop\/produkt\/taschenbuch\/","url":"https:\/\/www.jerusalemway.org\/shop\/produkt\/taschenbuch\/","name":"Taschenbuch DEUTSCH - JERUSALEM WAY: On foot to Jerusalem - Pilgrimage","isPartOf":{"@id":"https:\/\/www.jerusalemway.org\/shop\/#website"},"datePublished":"2020-01-02T12:32:23+00:00","dateModified":"2025-07-05T09:16:00+00:00","description":"Taschenbuch: Zu Fu\u00df nach Jerusalem \/ Auf dem Jerusalemweg! Deutsch, Landkarten, QR Codes zu Videos und GPS, Farbfotos usw.","breadcrumb":{"@id":"https:\/\/www.jerusalemway.org\/shop\/produkt\/taschenbuch\/#breadcrumb"},"inLanguage":"de","potentialAction":[{"@type":"ReadAction","target":["https:\/\/www.jerusalemway.org\/shop\/produkt\/taschenbuch\/"]}]},{"@type":"BreadcrumbList","@id":"https:\/\/www.jerusalemway.org\/shop\/produkt\/taschenbuch\/#breadcrumb","itemListElement":[{"@type":"ListItem","position":1,"name":"Startseite","item":"https:\/\/www.jerusalemway.org\/shop\/"},{"@type":"ListItem","position":2,"name":"Taschenbuch DEUTSCH"}]},{"@type":"WebSite","@id":"https:\/\/www.jerusalemway.org\/shop\/#website","url":"https:\/\/www.jerusalemway.org\/shop\/","name":"Jerusalemweg: Zu Fu\u00df nach Jerusalem - Jerusalempilger - Pilgerweg","description":"","publisher":{"@id":"https:\/\/www.jerusalemway.org\/shop\/#organization"},"potentialAction":[{"@type":"SearchAction","target":{"@type":"EntryPoint","urlTemplate":"https:\/\/www.jerusalemway.org\/shop\/?s={search_term_string}"},"query-input":"required name=search_term_string"}],"inLanguage":"de"},{"@type":"Organization","@id":"https:\/\/www.jerusalemway.org\/shop\/#organization","name":"Jerusalemweg: Zu Fu\u00df nach Jerusalem - Jerusalempilger - Pilgerweg","url":"https:\/\/www.jerusalemway.org\/shop\/","logo":{"@type":"ImageObject","inLanguage":"de","@id":"https:\/\/www.jerusalemway.org\/shop\/#\/schema\/logo\/image\/","url":"https:\/\/www.jerusalemway.org\/shop\/wp-content\/uploads\/2018\/05\/logo.png","contentUrl":"https:\/\/www.jerusalemway.org\/shop\/wp-content\/uploads\/2018\/05\/logo.png","width":291,"height":80,"caption":"Jerusalemweg: Zu Fu\u00df nach Jerusalem - Jerusalempilger - Pilgerweg"},"image":{"@id":"https:\/\/www.jerusalemway.org\/shop\/#\/schema\/logo\/image\/"}}]}},"_links":{"self":[{"href":"https:\/\/www.jerusalemway.org\/shop\/wp-json\/wp\/v2\/product\/26"}],"collection":[{"href":"https:\/\/www.jerusalemway.org\/shop\/wp-json\/wp\/v2\/product"}],"about":[{"href":"https:\/\/www.jerusalemway.org\/shop\/wp-json\/wp\/v2\/types\/product"}],"wp:featuredmedia":[{"embeddable":true,"href":"https:\/\/www.jerusalemway.org\/shop\/wp-json\/wp\/v2\/media\/28"}],"wp:attachment":[{"href":"https:\/\/www.jerusalemway.org\/shop\/wp-json\/wp\/v2\/media?parent=26"}],"wp:term":[{"taxonomy":"product_cat","embeddable":true,"href":"https:\/\/www.jerusalemway.org\/shop\/wp-json\/wp\/v2\/product_cat?post=26"},{"taxonomy":"product_tag","embeddable":true,"href":"https:\/\/www.jerusalemway.org\/shop\/wp-json\/wp\/v2\/product_tag?post=26"}],"curies":[{"name":"wp","href":"https:\/\/api.w.org\/{rel}","templated":true}]}}