{"id":226,"date":"2020-01-05T14:41:10","date_gmt":"2020-01-05T13:41:10","guid":{"rendered":"https:\/\/www.jerusalemway.org\/shop\/?post_type=product&#038;p=226"},"modified":"2026-03-14T19:48:42","modified_gmt":"2026-03-14T18:48:42","slug":"gps-pilgerpass-wimpel","status":"publish","type":"product","link":"https:\/\/www.jerusalemway.org\/shop\/produkt\/gps-pilgerpass-wimpel\/","title":{"rendered":"GPS + Pilgerpass + Wimpel"},"content":{"rendered":"<h2>GPS Navigation + Pilgerpass + Wimpel + JERUSALEM WAY Aufkleber + Folder mit Landkarte (Deutsch \/ Englisch \/ Spanisch)<\/h2>\n<p><a href=\"https:\/\/www.jerusalemway.org\/shop\/wp-content\/uploads\/2019\/06\/pilgerpass-neu.jpg\" target=\"_blank\" rel=\"noopener\"><img decoding=\"async\" loading=\"lazy\" class=\"alignnone wp-image-62\" src=\"https:\/\/www.jerusalemway.org\/shop\/wp-content\/uploads\/2019\/06\/pilgerpass-neu-300x300.jpg\" alt=\"\" width=\"220\" height=\"220\" srcset=\"https:\/\/www.jerusalemway.org\/shop\/wp-content\/uploads\/2019\/06\/pilgerpass-neu-300x300.jpg 300w, https:\/\/www.jerusalemway.org\/shop\/wp-content\/uploads\/2019\/06\/pilgerpass-neu-600x600.jpg 600w, https:\/\/www.jerusalemway.org\/shop\/wp-content\/uploads\/2019\/06\/pilgerpass-neu-100x100.jpg 100w, https:\/\/www.jerusalemway.org\/shop\/wp-content\/uploads\/2019\/06\/pilgerpass-neu-150x150.jpg 150w, https:\/\/www.jerusalemway.org\/shop\/wp-content\/uploads\/2019\/06\/pilgerpass-neu-270x270.jpg 270w, https:\/\/www.jerusalemway.org\/shop\/wp-content\/uploads\/2019\/06\/pilgerpass-neu.jpg 759w\" sizes=\"(max-width: 220px) 100vw, 220px\" \/><\/a><a href=\"https:\/\/www.jerusalemway.org\/shop\/wp-content\/uploads\/2019\/06\/wimpelneu.jpg\" target=\"_blank\" rel=\"noopener\"><img decoding=\"async\" loading=\"lazy\" class=\"alignnone wp-image-144\" src=\"https:\/\/www.jerusalemway.org\/shop\/wp-content\/uploads\/2019\/06\/wimpelneu-300x300.jpg\" alt=\"\" width=\"210\" height=\"210\" srcset=\"https:\/\/www.jerusalemway.org\/shop\/wp-content\/uploads\/2019\/06\/wimpelneu-300x300.jpg 300w, https:\/\/www.jerusalemway.org\/shop\/wp-content\/uploads\/2019\/06\/wimpelneu-100x100.jpg 100w, https:\/\/www.jerusalemway.org\/shop\/wp-content\/uploads\/2019\/06\/wimpelneu-450x450.jpg 450w, https:\/\/www.jerusalemway.org\/shop\/wp-content\/uploads\/2019\/06\/wimpelneu-150x150.jpg 150w, https:\/\/www.jerusalemway.org\/shop\/wp-content\/uploads\/2019\/06\/wimpelneu-270x270.jpg 270w, https:\/\/www.jerusalemway.org\/shop\/wp-content\/uploads\/2019\/06\/wimpelneu.jpg 525w\" sizes=\"(max-width: 210px) 100vw, 210px\" \/><\/a><\/p>\n<p><a href=\"https:\/\/www.jerusalemway.org\/shop\/wp-content\/uploads\/2020\/01\/Pilgerpass_Arbing-2-scaled.jpg\">\u00a0 <\/a><a href=\"https:\/\/www.jerusalemway.org\/shop\/wp-content\/uploads\/2020\/01\/Pilgerpass_Arbing-2-scaled.jpg\" target=\"_blank\" rel=\"noopener\"><img decoding=\"async\" loading=\"lazy\" class=\"alignnone wp-image-359\" src=\"https:\/\/www.jerusalemway.org\/shop\/wp-content\/uploads\/2020\/01\/Pilgerpass_Arbing-2-300x112.jpg\" alt=\"\" width=\"448\" height=\"167\" srcset=\"https:\/\/www.jerusalemway.org\/shop\/wp-content\/uploads\/2020\/01\/Pilgerpass_Arbing-2-300x112.jpg 300w, https:\/\/www.jerusalemway.org\/shop\/wp-content\/uploads\/2020\/01\/Pilgerpass_Arbing-2-600x224.jpg 600w, https:\/\/www.jerusalemway.org\/shop\/wp-content\/uploads\/2020\/01\/Pilgerpass_Arbing-2-1024x382.jpg 1024w, https:\/\/www.jerusalemway.org\/shop\/wp-content\/uploads\/2020\/01\/Pilgerpass_Arbing-2-768x286.jpg 768w, https:\/\/www.jerusalemway.org\/shop\/wp-content\/uploads\/2020\/01\/Pilgerpass_Arbing-2-1536x573.jpg 1536w, https:\/\/www.jerusalemway.org\/shop\/wp-content\/uploads\/2020\/01\/Pilgerpass_Arbing-2-2048x764.jpg 2048w, https:\/\/www.jerusalemway.org\/shop\/wp-content\/uploads\/2020\/01\/Pilgerpass_Arbing-2-604x225.jpg 604w\" sizes=\"(max-width: 448px) 100vw, 448px\" \/><\/a><\/p>\n<p data-start=\"460\" data-end=\"697\">Die GPS-Navigation erm\u00f6glicht Pilgerinnen und Pilgern eine zuverl\u00e4ssige Orientierung entlang des Jerusalemwegs von Finisterre (Spanien) bis Jerusalem.\u00a0Neben der Route enth\u00e4lt die Navigation zahlreiche Points of Interest (POI), darunter:<\/p>\n<p data-start=\"800\" data-end=\"940\">\u2022 Unterk\u00fcnfte entlang des Weges<br data-start=\"831\" data-end=\"834\" \/>\u2022 historische Orte und Pilgerst\u00e4tten<br data-start=\"870\" data-end=\"873\" \/>\u2022 kulturelle Sehensw\u00fcrdigkeiten<br data-start=\"904\" data-end=\"907\" \/>\u2022 wichtige Wegpunkte f\u00fcr Pilger<\/p>\n<p data-start=\"942\" data-end=\"1058\">Derzeit decken wir rund 80 % der Route mit Unterkunftstipps ab. Diese werden laufend erweitert und aktualisiert.<\/p>\n<hr data-start=\"1060\" data-end=\"1063\" \/>\n<h3 data-section-id=\"trsm8v\" data-start=\"1065\" data-end=\"1097\">GPS-Abschnitte<\/h3>\n<p data-start=\"1099\" data-end=\"1219\">Das Pilgrim Package beinhaltet den GPS-Zugang f\u00fcr einen Abschnitt des Jerusalemwegs sowie Pilgerpass und Wimpel. Folgende drei Abschnitte stehen zur Verf\u00fcgung:<\/p>\n<p data-start=\"1272\" data-end=\"1342\">\u2022 Balkan<br data-start=\"1280\" data-end=\"1283\" \/>\u2022 T\u00fcrkei<br data-start=\"1291\" data-end=\"1294\" \/>\u2022 Heiliges Land (Jordanien \u2013 Israel \u2013 Pal\u00e4stina)<\/p>\n<p data-start=\"1344\" data-end=\"1441\">Bitte bei der Bestellung den gew\u00fcnschten Abschnitt (Balkan \/ T\u00fcrkei \/ Heiliges Land) angeben.<\/p>\n<p data-start=\"1443\" data-end=\"1588\">Viele Pilger gehen den Jerusalemweg in mehreren Etappen \u00fcber mehrere Jahre hinweg. Weitere Abschnitte k\u00f6nnen jederzeit sp\u00e4ter erg\u00e4nzt werden.<\/p>\n<p data-start=\"1443\" data-end=\"1588\"><strong>Preis f\u00fcr zus\u00e4tzliche Abschnitte: 33 \u20ac pro Abschnitt<\/strong><\/p>\n<p data-start=\"1650\" data-end=\"1813\">Pilgerinnen und Pilger, die bereits ein Pilgrim Package mit Pilgerpass und Wimpel erworben haben, k\u00f6nnen zus\u00e4tzliche Abschnitte ohne neues Paket bestellen. Wer bereits einen Abschnitt gegangen ist, kann jederzeit weitere Abschnitte erg\u00e4nzen und seine Pilgerreise Schritt f\u00fcr Schritt bis Jerusalem fortsetzen.<\/p>\n<hr data-start=\"1973\" data-end=\"1976\" \/>\n<h3 data-section-id=\"1jp7khp\" data-start=\"1978\" data-end=\"2011\">Unterst\u00fctzung des Jerusalemwegs<\/h3>\n<p data-start=\"2013\" data-end=\"2195\">Die Entwicklung der GPS-Route war ein mehrj\u00e4hriger Prozess und basiert auf historischen Recherchen, Satellitendaten sowie zahlreichen pers\u00f6nlichen Begehungen entlang der Strecke.<\/p>\n<p data-start=\"2197\" data-end=\"2377\">Mit dem Erwerb der GPS-Navigation unterst\u00fctzen Pilgerinnen und Pilger direkt die Pflege, Weiterentwicklung und Markierung der Route sowie die Entwicklung der Jerusalem Way App.<\/p>\n<p data-start=\"2379\" data-end=\"2500\">Alle Einnahmen flie\u00dfen zu 100 % in die Arbeit und Weiterentwicklung des Jerusalemwegs durch den gemeinn\u00fctzigen Verein\u00a0JERUSALEM WAY International Peace Team<\/p>\n<p data-start=\"2548\" data-end=\"2626\">Der Betrag beinhaltet alle GPS- und POI-Updates f\u00fcr ein Jahr ab Kaufdatum.\u00a0Vereinsmitglieder erhalten zeitlich unbegrenzt alle GPS- und POI-Updates sowie Pilgerpass und Wimpel kostenlos. Details siehe <a href=\"https:\/\/www.jerusalemway.org\/kontakt\/mitglied-werden\" target=\"_blank\" rel=\"noopener\">Mitgliedschaft<\/a><\/p>\n<hr data-start=\"2745\" data-end=\"2748\" \/>\n<h3 data-section-id=\"106ttcc\" data-start=\"2750\" data-end=\"2762\">Navigation<\/h3>\n<p data-start=\"998\" data-end=\"1207\">Die GPS-Daten werden derzeit \u00fcber die Outdoor-App Mapy.cz verwendet. Diese bietet farbige Wanderkarten, H\u00f6henlinien, Satellitenbilder sowie Offline-Karten, sodass keine Internetverbindung erforderlich ist. <a href=\"https:\/\/www.jerusalemway.org\/route\/gps-app\/\" target=\"_blank\" rel=\"noopener\">Informationen zur Installation und Verwendung der App (Klicken zum \u00d6ffnen)<\/a><\/p>\n<p data-start=\"1209\" data-end=\"1351\">Eine eigene Jerusalem Way App befindet sich derzeit in Entwicklung und wird k\u00fcnftig als offizieller digitaler Begleiter f\u00fcr Pilger dienen.<\/p>\n<p data-start=\"1353\" data-end=\"1478\">Weitere Informationen zur Navigation sowie praktische Hinweise f\u00fcr Pilger finden sich im <a href=\"https:\/\/www.jerusalemway.org\/faq\">FAQ-Bereich<\/a> auf unserer Website.<\/p>\n<hr data-start=\"3123\" data-end=\"3126\" \/>\n<h3 data-section-id=\"13bse3t\" data-start=\"3128\" data-end=\"3137\">WICHTIG<\/h3>\n<p data-start=\"3139\" data-end=\"3324\">\u2022 Die Einrichtung der GPS-Daten und POIs ist ein komplexer Prozess und kann bis zu einer Woche dauern.<br data-start=\"3245\" data-end=\"3248\" \/>\u2022 Sollte die Bestellung dringend ben\u00f6tigt werden, bitte kurz Bescheid geben.<\/p>\n<hr data-start=\"3326\" data-end=\"3329\" \/>\n<h3 data-section-id=\"eqcsgg\" data-start=\"3331\" data-end=\"3352\">Rechtlicher Hinweis<\/h3>\n<p data-start=\"3354\" data-end=\"3436\"><strong>Die Weitergabe oder Ver\u00f6ffentlichung der GPS-Daten ist nicht gestattet.<\/strong> Die GPS-Tracks wurden \u00fcber viele Jahre entwickelt und enthalten pers\u00f6nliche Identifikationspunkte, wodurch auch nach einem GPX-Export eine eindeutige Zuordnung m\u00f6glich bleibt und eine unerlaubte Weitergabe rechtlich verfolgt werden kann.<\/p>\n<hr data-start=\"3604\" data-end=\"3607\" \/>\n<h3 data-section-id=\"fh8n84\" data-start=\"3609\" data-end=\"3629\">Haftungsausschluss<\/h3>\n<p data-start=\"3631\" data-end=\"3694\">Die Nutzung der GPS-Daten erfolgt auf eigene Verantwortung.\u00a0Der Verein \u00fcbernimmt keine Haftung f\u00fcr Sach-, Personen- oder Verm\u00f6genssch\u00e4den, die durch die Nutzung der GPS-Daten entstehen k\u00f6nnten.<\/p>\n","protected":false},"excerpt":{"rendered":"<p>GPS Navigation + Pilgerpass + Wimpel + JERUSALEM WAY Aufkleber + Folder mit Landkarte (Deutsch \/ Englisch \/ Spanisch) \u00a0 Die GPS-Navigation erm\u00f6glicht Pilgerinnen und Pilgern eine zuverl\u00e4ssige Orientierung entlang des Jerusalemwegs von Finisterre (Spanien) bis Jerusalem.\u00a0Neben der Route enth\u00e4lt die Navigation zahlreiche Points of Interest (POI), darunter: \u2022 Unterk\u00fcnfte entlang des Weges\u2022 historische Orte und Pilgerst\u00e4tten\u2022 kulturelle Sehensw\u00fcrdigkeiten\u2022 wichtige Wegpunkte f\u00fcr Pilger Derzeit decken wir rund 80 % der Route mit Unterkunftstipps ab. Diese werden laufend erweitert und aktualisiert&#8230;.<\/p>\n<p class=\"read-more\"><a class=\"btn btn-default\" href=\"https:\/\/www.jerusalemway.org\/shop\/produkt\/gps-pilgerpass-wimpel\/\">Weiterlesen<span class=\"screen-reader-text\"> Weiterlesen<\/span><\/a><\/p>\n","protected":false},"featured_media":232,"template":"","meta":[],"product_cat":[18],"product_tag":[],"yoast_head":"<!-- This site is optimized with the Yoast SEO plugin v20.11 - https:\/\/yoast.com\/wordpress\/plugins\/seo\/ -->\n<title>GPS + Pilgerpass + Wimpel - JERUSALEM WAY: On foot to Jerusalem - Pilgrimage<\/title>\n<meta name=\"robots\" content=\"index, follow, max-snippet:-1, max-image-preview:large, max-video-preview:-1\" \/>\n<link rel=\"canonical\" href=\"https:\/\/www.jerusalemway.org\/shop\/produkt\/gps-pilgerpass-wimpel\/\" \/>\n<meta property=\"og:locale\" content=\"de_DE\" \/>\n<meta property=\"og:type\" content=\"article\" \/>\n<meta property=\"og:title\" content=\"GPS + Pilgerpass + Wimpel - JERUSALEM WAY: On foot to Jerusalem - Pilgrimage\" \/>\n<meta property=\"og:description\" content=\"GPS Navigation + Pilgerpass + Wimpel + JERUSALEM WAY Aufkleber + Folder mit Landkarte (Deutsch \/ Englisch \/ Spanisch) \u00a0 Die GPS-Navigation erm\u00f6glicht Pilgerinnen und Pilgern eine zuverl\u00e4ssige Orientierung entlang des Jerusalemwegs von Finisterre (Spanien) bis Jerusalem.\u00a0Neben der Route enth\u00e4lt die Navigation zahlreiche Points of Interest (POI), darunter: \u2022 Unterk\u00fcnfte entlang des Weges\u2022 historische Orte und Pilgerst\u00e4tten\u2022 kulturelle Sehensw\u00fcrdigkeiten\u2022 wichtige Wegpunkte f\u00fcr Pilger Derzeit decken wir rund 80 % der Route mit Unterkunftstipps ab. Diese werden laufend erweitert und aktualisiert....Weiterlesen Weiterlesen\" \/>\n<meta property=\"og:url\" content=\"https:\/\/www.jerusalemway.org\/shop\/produkt\/gps-pilgerpass-wimpel\/\" \/>\n<meta property=\"og:site_name\" content=\"JERUSALEM WAY: On foot to Jerusalem - Pilgrimage\" \/>\n<meta property=\"article:modified_time\" content=\"2026-03-14T18:48:42+00:00\" \/>\n<meta property=\"og:image\" content=\"https:\/\/www.jerusalemway.org\/shop\/wp-content\/uploads\/2020\/01\/gps-pilgerpass.jpg\" \/>\n\t<meta property=\"og:image:width\" content=\"1000\" \/>\n\t<meta property=\"og:image:height\" content=\"1000\" \/>\n\t<meta property=\"og:image:type\" content=\"image\/jpeg\" \/>\n<meta name=\"twitter:card\" content=\"summary_large_image\" \/>\n<meta name=\"twitter:label1\" content=\"Gesch\u00e4tzte Lesezeit\" \/>\n\t<meta name=\"twitter:data1\" content=\"4\u00a0Minuten\" \/>\n<script type=\"application\/ld+json\" class=\"yoast-schema-graph\">{\"@context\":\"https:\/\/schema.org\",\"@graph\":[{\"@type\":\"WebPage\",\"@id\":\"https:\/\/www.jerusalemway.org\/shop\/produkt\/gps-pilgerpass-wimpel\/\",\"url\":\"https:\/\/www.jerusalemway.org\/shop\/produkt\/gps-pilgerpass-wimpel\/\",\"name\":\"GPS + Pilgerpass + Wimpel - JERUSALEM WAY: On foot to Jerusalem - Pilgrimage\",\"isPartOf\":{\"@id\":\"https:\/\/www.jerusalemway.org\/shop\/#website\"},\"datePublished\":\"2020-01-05T13:41:10+00:00\",\"dateModified\":\"2026-03-14T18:48:42+00:00\",\"breadcrumb\":{\"@id\":\"https:\/\/www.jerusalemway.org\/shop\/produkt\/gps-pilgerpass-wimpel\/#breadcrumb\"},\"inLanguage\":\"de\",\"potentialAction\":[{\"@type\":\"ReadAction\",\"target\":[\"https:\/\/www.jerusalemway.org\/shop\/produkt\/gps-pilgerpass-wimpel\/\"]}]},{\"@type\":\"BreadcrumbList\",\"@id\":\"https:\/\/www.jerusalemway.org\/shop\/produkt\/gps-pilgerpass-wimpel\/#breadcrumb\",\"itemListElement\":[{\"@type\":\"ListItem\",\"position\":1,\"name\":\"Startseite\",\"item\":\"https:\/\/www.jerusalemway.org\/shop\/\"},{\"@type\":\"ListItem\",\"position\":2,\"name\":\"GPS + Pilgerpass + Wimpel\"}]},{\"@type\":\"WebSite\",\"@id\":\"https:\/\/www.jerusalemway.org\/shop\/#website\",\"url\":\"https:\/\/www.jerusalemway.org\/shop\/\",\"name\":\"Jerusalemweg: Zu Fu\u00df nach Jerusalem - Jerusalempilger - Pilgerweg\",\"description\":\"\",\"publisher\":{\"@id\":\"https:\/\/www.jerusalemway.org\/shop\/#organization\"},\"potentialAction\":[{\"@type\":\"SearchAction\",\"target\":{\"@type\":\"EntryPoint\",\"urlTemplate\":\"https:\/\/www.jerusalemway.org\/shop\/?s={search_term_string}\"},\"query-input\":\"required name=search_term_string\"}],\"inLanguage\":\"de\"},{\"@type\":\"Organization\",\"@id\":\"https:\/\/www.jerusalemway.org\/shop\/#organization\",\"name\":\"Jerusalemweg: Zu Fu\u00df nach Jerusalem - Jerusalempilger - Pilgerweg\",\"url\":\"https:\/\/www.jerusalemway.org\/shop\/\",\"logo\":{\"@type\":\"ImageObject\",\"inLanguage\":\"de\",\"@id\":\"https:\/\/www.jerusalemway.org\/shop\/#\/schema\/logo\/image\/\",\"url\":\"https:\/\/www.jerusalemway.org\/shop\/wp-content\/uploads\/2018\/05\/logo.png\",\"contentUrl\":\"https:\/\/www.jerusalemway.org\/shop\/wp-content\/uploads\/2018\/05\/logo.png\",\"width\":291,\"height\":80,\"caption\":\"Jerusalemweg: Zu Fu\u00df nach Jerusalem - Jerusalempilger - Pilgerweg\"},\"image\":{\"@id\":\"https:\/\/www.jerusalemway.org\/shop\/#\/schema\/logo\/image\/\"}}]}<\/script>\n<!-- \/ Yoast SEO plugin. -->","yoast_head_json":{"title":"GPS + Pilgerpass + Wimpel - JERUSALEM WAY: On foot to Jerusalem - Pilgrimage","robots":{"index":"index","follow":"follow","max-snippet":"max-snippet:-1","max-image-preview":"max-image-preview:large","max-video-preview":"max-video-preview:-1"},"canonical":"https:\/\/www.jerusalemway.org\/shop\/produkt\/gps-pilgerpass-wimpel\/","og_locale":"de_DE","og_type":"article","og_title":"GPS + Pilgerpass + Wimpel - JERUSALEM WAY: On foot to Jerusalem - Pilgrimage","og_description":"GPS Navigation + Pilgerpass + Wimpel + JERUSALEM WAY Aufkleber + Folder mit Landkarte (Deutsch \/ Englisch \/ Spanisch) \u00a0 Die GPS-Navigation erm\u00f6glicht Pilgerinnen und Pilgern eine zuverl\u00e4ssige Orientierung entlang des Jerusalemwegs von Finisterre (Spanien) bis Jerusalem.\u00a0Neben der Route enth\u00e4lt die Navigation zahlreiche Points of Interest (POI), darunter: \u2022 Unterk\u00fcnfte entlang des Weges\u2022 historische Orte und Pilgerst\u00e4tten\u2022 kulturelle Sehensw\u00fcrdigkeiten\u2022 wichtige Wegpunkte f\u00fcr Pilger Derzeit decken wir rund 80 % der Route mit Unterkunftstipps ab. Diese werden laufend erweitert und aktualisiert....Weiterlesen Weiterlesen","og_url":"https:\/\/www.jerusalemway.org\/shop\/produkt\/gps-pilgerpass-wimpel\/","og_site_name":"JERUSALEM WAY: On foot to Jerusalem - Pilgrimage","article_modified_time":"2026-03-14T18:48:42+00:00","og_image":[{"width":1000,"height":1000,"url":"https:\/\/www.jerusalemway.org\/shop\/wp-content\/uploads\/2020\/01\/gps-pilgerpass.jpg","type":"image\/jpeg"}],"twitter_card":"summary_large_image","twitter_misc":{"Gesch\u00e4tzte Lesezeit":"4\u00a0Minuten"},"schema":{"@context":"https:\/\/schema.org","@graph":[{"@type":"WebPage","@id":"https:\/\/www.jerusalemway.org\/shop\/produkt\/gps-pilgerpass-wimpel\/","url":"https:\/\/www.jerusalemway.org\/shop\/produkt\/gps-pilgerpass-wimpel\/","name":"GPS + Pilgerpass + Wimpel - JERUSALEM WAY: On foot to Jerusalem - Pilgrimage","isPartOf":{"@id":"https:\/\/www.jerusalemway.org\/shop\/#website"},"datePublished":"2020-01-05T13:41:10+00:00","dateModified":"2026-03-14T18:48:42+00:00","breadcrumb":{"@id":"https:\/\/www.jerusalemway.org\/shop\/produkt\/gps-pilgerpass-wimpel\/#breadcrumb"},"inLanguage":"de","potentialAction":[{"@type":"ReadAction","target":["https:\/\/www.jerusalemway.org\/shop\/produkt\/gps-pilgerpass-wimpel\/"]}]},{"@type":"BreadcrumbList","@id":"https:\/\/www.jerusalemway.org\/shop\/produkt\/gps-pilgerpass-wimpel\/#breadcrumb","itemListElement":[{"@type":"ListItem","position":1,"name":"Startseite","item":"https:\/\/www.jerusalemway.org\/shop\/"},{"@type":"ListItem","position":2,"name":"GPS + Pilgerpass + Wimpel"}]},{"@type":"WebSite","@id":"https:\/\/www.jerusalemway.org\/shop\/#website","url":"https:\/\/www.jerusalemway.org\/shop\/","name":"Jerusalemweg: Zu Fu\u00df nach Jerusalem - Jerusalempilger - Pilgerweg","description":"","publisher":{"@id":"https:\/\/www.jerusalemway.org\/shop\/#organization"},"potentialAction":[{"@type":"SearchAction","target":{"@type":"EntryPoint","urlTemplate":"https:\/\/www.jerusalemway.org\/shop\/?s={search_term_string}"},"query-input":"required name=search_term_string"}],"inLanguage":"de"},{"@type":"Organization","@id":"https:\/\/www.jerusalemway.org\/shop\/#organization","name":"Jerusalemweg: Zu Fu\u00df nach Jerusalem - Jerusalempilger - Pilgerweg","url":"https:\/\/www.jerusalemway.org\/shop\/","logo":{"@type":"ImageObject","inLanguage":"de","@id":"https:\/\/www.jerusalemway.org\/shop\/#\/schema\/logo\/image\/","url":"https:\/\/www.jerusalemway.org\/shop\/wp-content\/uploads\/2018\/05\/logo.png","contentUrl":"https:\/\/www.jerusalemway.org\/shop\/wp-content\/uploads\/2018\/05\/logo.png","width":291,"height":80,"caption":"Jerusalemweg: Zu Fu\u00df nach Jerusalem - Jerusalempilger - Pilgerweg"},"image":{"@id":"https:\/\/www.jerusalemway.org\/shop\/#\/schema\/logo\/image\/"}}]}},"_links":{"self":[{"href":"https:\/\/www.jerusalemway.org\/shop\/wp-json\/wp\/v2\/product\/226"}],"collection":[{"href":"https:\/\/www.jerusalemway.org\/shop\/wp-json\/wp\/v2\/product"}],"about":[{"href":"https:\/\/www.jerusalemway.org\/shop\/wp-json\/wp\/v2\/types\/product"}],"wp:featuredmedia":[{"embeddable":true,"href":"https:\/\/www.jerusalemway.org\/shop\/wp-json\/wp\/v2\/media\/232"}],"wp:attachment":[{"href":"https:\/\/www.jerusalemway.org\/shop\/wp-json\/wp\/v2\/media?parent=226"}],"wp:term":[{"taxonomy":"product_cat","embeddable":true,"href":"https:\/\/www.jerusalemway.org\/shop\/wp-json\/wp\/v2\/product_cat?post=226"},{"taxonomy":"product_tag","embeddable":true,"href":"https:\/\/www.jerusalemway.org\/shop\/wp-json\/wp\/v2\/product_tag?post=226"}],"curies":[{"name":"wp","href":"https:\/\/api.w.org\/{rel}","templated":true}]}}